{"id":30757,"date":"2020-09-08T19:04:51","date_gmt":"2020-09-08T19:04:51","guid":{"rendered":"https:\/\/ville-illies.fr\/?page_id=30757"},"modified":"2024-07-18T09:58:42","modified_gmt":"2024-07-18T09:58:42","slug":"informations-paroissiales","status":"publish","type":"page","link":"https:\/\/ville-illies.fr\/?page_id=30757","title":{"rendered":"Informations paroissiales"},"content":{"rendered":"<p>[et_pb_section fb_built=\u00a0\u00bb1&Prime; admin_label=\u00a0\u00bbAbout\u00a0\u00bb _builder_version=\u00a0\u00bb4.16&Prime; global_colors_info=\u00a0\u00bb{}\u00a0\u00bb][et_pb_row module_class=\u00a0\u00bb et_pb_row_fullwidth\u00a0\u00bb _builder_version=\u00a0\u00bb4.16&Prime; background_color=\u00a0\u00bb#2B87DA\u00a0\u00bb width=\u00a0\u00bb89%\u00a0\u00bb width_tablet=\u00a0\u00bb80%\u00a0\u00bb width_phone=\u00a0\u00bb\u00a0\u00bb width_last_edited=\u00a0\u00bbon|desktop\u00a0\u00bb max_width=\u00a0\u00bb89%\u00a0\u00bb max_width_tablet=\u00a0\u00bb80%\u00a0\u00bb max_width_phone=\u00a0\u00bb\u00a0\u00bb max_width_last_edited=\u00a0\u00bbon|desktop\u00a0\u00bb make_fullwidth=\u00a0\u00bbon\u00a0\u00bb global_colors_info=\u00a0\u00bb{}\u00a0\u00bb][et_pb_column type=\u00a0\u00bb4_4&Prime; _builder_version=\u00a0\u00bb4.16&Prime; custom_padding=\u00a0\u00bb|||\u00a0\u00bb global_colors_info=\u00a0\u00bb{}\u00a0\u00bb custom_padding__hover=\u00a0\u00bb|||\u00a0\u00bb][et_pb_text _builder_version=\u00a0\u00bb4.16&Prime; text_text_color=\u00a0\u00bb#ffffff\u00a0\u00bb text_font_size=\u00a0\u00bb18px\u00a0\u00bb header_font=\u00a0\u00bb||||||||\u00a0\u00bb header_2_font=\u00a0\u00bbTrebuchet||||||||\u00a0\u00bb header_2_text_align=\u00a0\u00bbcenter\u00a0\u00bb header_2_text_color=\u00a0\u00bb#ffffff\u00a0\u00bb header_2_font_size=\u00a0\u00bb60px\u00a0\u00bb global_colors_info=\u00a0\u00bb{}\u00a0\u00bb]<\/p>\n<h2 style=\"text-align: center;\">PAROISSE<\/h2>\n<p style=\"text-align: center;\">Informations paroissiales : messes, cat\u00e9ch\u00e8se,\u00a0mariages, bapt\u00eames, fun\u00e9railles\u00a0<\/p>\n<p style=\"text-align: center;\">\n<p>[\/et_pb_text][\/et_pb_column][\/et_pb_row][\/et_pb_section][et_pb_section fb_built=\u00a0\u00bb1&Prime; _builder_version=\u00a0\u00bb4.16&Prime; background_color=\u00a0\u00bb#efefef\u00a0\u00bb custom_padding=\u00a0\u00bb||80px\u00a0\u00bb global_colors_info=\u00a0\u00bb{}\u00a0\u00bb][et_pb_row column_structure=\u00a0\u00bb1_2,1_2&Prime; module_class=\u00a0\u00bb et_pb_row_fullwidth\u00a0\u00bb _builder_version=\u00a0\u00bb4.16&Prime; width=\u00a0\u00bb89%\u00a0\u00bb width_tablet=\u00a0\u00bb80%\u00a0\u00bb width_phone=\u00a0\u00bb\u00a0\u00bb width_last_edited=\u00a0\u00bbon|desktop\u00a0\u00bb max_width=\u00a0\u00bb89%\u00a0\u00bb max_width_tablet=\u00a0\u00bb80%\u00a0\u00bb max_width_phone=\u00a0\u00bb\u00a0\u00bb max_width_last_edited=\u00a0\u00bbon|desktop\u00a0\u00bb custom_padding=\u00a0\u00bb27px|0|27px|0px|false|false\u00a0\u00bb make_fullwidth=\u00a0\u00bbon\u00a0\u00bb global_colors_info=\u00a0\u00bb{}\u00a0\u00bb][et_pb_column type=\u00a0\u00bb1_2&Prime; _builder_version=\u00a0\u00bb4.16&Prime; custom_padding=\u00a0\u00bb|||\u00a0\u00bb global_colors_info=\u00a0\u00bb{}\u00a0\u00bb custom_padding__hover=\u00a0\u00bb|||\u00a0\u00bb][et_pb_text _builder_version=\u00a0\u00bb4.16&Prime; text_font=\u00a0\u00bb||||||||\u00a0\u00bb text_font_size=\u00a0\u00bb18px\u00a0\u00bb text_line_height=\u00a0\u00bb1.2em\u00a0\u00bb header_font=\u00a0\u00bb||||||||\u00a0\u00bb header_3_font=\u00a0\u00bbTrebuchet||||||||\u00a0\u00bb header_3_font_size=\u00a0\u00bb30px\u00a0\u00bb header_4_font=\u00a0\u00bb||||||||\u00a0\u00bb header_4_text_align=\u00a0\u00bbleft\u00a0\u00bb header_4_font_size=\u00a0\u00bb25px\u00a0\u00bb header_4_line_height=\u00a0\u00bb1.3em\u00a0\u00bb header_6_font=\u00a0\u00bbTrebuchet|600||on|||||\u00a0\u00bb header_6_font_size=\u00a0\u00bb20px\u00a0\u00bb text_orientation=\u00a0\u00bbjustified\u00a0\u00bb global_colors_info=\u00a0\u00bb{}\u00a0\u00bb]<\/p>\n<h3 style=\"text-align: center;\"><strong style=\"text-align: justify;\">PAROISSE SAINT PAUL EN WEPPES<\/strong><strong style=\"text-align: justify; font-size: 16px;\">\u00a0<\/strong><\/h3>\n<p style=\"text-align: center;\"><strong>Eglise Saint Vaast d&rsquo;Illies<\/strong><\/p>\n<p style=\"text-align: center;\"><strong><img loading=\"lazy\" decoding=\"async\" src=\"https:\/\/ville-illies.fr\/wp-content\/uploads\/2020\/09\/sticker-croix-chretienne-10-cm-couleur-noir-150x150.jpg\" width=\"150\" height=\"150\" alt=\"\" class=\"wp-image-30771 alignnone size-thumbnail\" \/><\/strong><\/p>\n<h4 style=\"text-align: left;\">Notre cur\u00e9 :<\/h4>\n<p style=\"text-align: left;\">Abb\u00e9 Micka\u00ebl DAVID\u00a0<\/p>\n<p style=\"text-align: left;\">Aid\u00e9 par le P\u00e8re Michel ROGGE<\/p>\n<p style=\"text-align: left;\">\n<p style=\"text-align: left;\">\n<p style=\"text-align: justify;\">Nos pr\u00eatres a\u00een\u00e9s :<\/p>\n<p style=\"text-align: justify;\">Abb\u00e9 Georges ARBAULT 5 rue du Bourg Herlies 03-20-29-14-59<\/p>\n<p style=\"text-align: justify;\">Abb\u00e9 Michel ROGGE 54 rue du 4 septembre 59134 FOURNE-EN-WEPPES 03-20-48-04-38<\/p>\n<h4 style=\"text-align: justify;\">Secr\u00e9tariat paroissial<\/h4>\n<h6>MAISON PAROISSIALE DE LA BASSEE<\/h6>\n<h6>3 rue Pauline Houdoye<\/h6>\n<h6>59480 LA BASSEE<\/h6>\n<p>03-20-29-23-30 ou pascaledemars@wanadoo.fr<\/p>\n<p>Permanences =&gt; Le mercredi et le samedi de 10h30 \u00e0 12h00 et le vendredi 17h00 \u00e0 18h30.<\/p>\n<p>Secr\u00e9tariat ouvert le vendredi de 09h30 \u00e0 11h30 et le mardi de 14h00 \u00e0 17h00.<\/p>\n<p><a href=\"mailto:stremi.stpaul.weppes@gmail.com\">stremi.stpaul.weppes@gmail.com<\/a><\/p>\n<h4>Messes dominicales dans la paroisse<\/h4>\n<p>Le samedi \u00e0 18h30 ou le dimanche \u00e0 11h00 selon le calendrier et le lieu diffus\u00e9 chaque semaine ou sur le site web :<\/p>\n<p><span style=\"color: #ff0000;\">A partir du 5 septembre, la messe dominicale du samedi soir 18h30 sera toujours c\u00e9l\u00e9br\u00e9e \u00e0 Herlies. (sauf exception)<\/span><\/p>\n<p>&nbsp;<\/p>\n<p>Demande de messe :<\/p>\n<p>Agn\u00e8s Denis 03-20-29-24-12<\/p>\n<p>Pascale Demars 03-20-49-99-72 ou 06-23-58-19-22 <a href=\"mailto:pascaledemars@wanadoo.fr\">pascaledemars@wanadoo.fr<\/a><\/p>\n<p>&nbsp;<\/p>\n<h4>Bapt\u00eames<\/h4>\n<p>Pour les enfants moins de 3 ans : s&rsquo;inscrire \u00e0 la permanence de la Maison paroissiale de La Bass\u00e9e.<\/p>\n<p>Pour les enfants de plus de 3 ans (jusqu&rsquo;au CP) : Guillaumette Mulliez 06-76-60-38-74<\/p>\n<p><a href=\"mailto:guillaumette.mulliez@gmail.com\">guillaumette.mulliez@gmail.com<\/a><\/p>\n<p>Pour les enfants du cat\u00e9 (CE1 au CM2) : Marie Th\u00e9 Parent 03-20-49-72-21 ou 06-70-71-50-66 <a href=\"mailto:mariethe.parent@free.fr\">mariethe.parent@free.fr<\/a><\/p>\n<p>Pour les adultes : Abb\u00e9 Lefebvre 03-20-29-23-30 <a href=\"mailto:abfredericl@gmail.com\">abfredericl@gmail.com<\/a><\/p>\n<p>&nbsp;<\/p>\n<h4>Cat\u00e9ch\u00e8se et \u00e9veil \u00e0 la foi<\/h4>\n<p><span style=\"color: #ff0000;\">Pour l&rsquo;ann\u00e9e scolaire 2020\/2021, inscription de cat\u00e9 :<\/span><\/p>\n<p><span style=\"color: #ff0000;\">=&gt; Samedi 12 septembre de 10h00 \u00e0 12h00<\/span><\/p>\n<p><span style=\"color: #ff0000;\">=&gt; Mercredi 16 semptembre de 17h00 \u00e0 19h00, m\u00eame lieu<\/span><\/p>\n<p>Eveil des tout-petits (moins de sept ans) :<\/p>\n<p>Contact : Guillaumette Mulliez 06-76-60-38-74\u00a0<a href=\"mailto:guillaumette.mulliez@gmail.com\">guillaumette.mulliez@gmail.com<\/a><\/p>\n<p>Graines de paroles (CE1) :<\/p>\n<p>Contact : Odile Pesion 03-20-49-90-24\u00a0<a href=\"mailto:oppesin@gmail.com\">oppesin@gmail.com<\/a><\/p>\n<p>En \u00e2ge primaire (CE2 au CM2) :<\/p>\n<p>Contact : Marie Th\u00e9 Parent 03-20-49-72-21 ou 06-70-71-50-66 <a href=\"mailto:mariethe.parent@free.fr\">mariethe.parent@free.fr<\/a><\/p>\n<p>&nbsp;<\/p>\n<h4>Mariages<\/h4>\n<p>Inscriptions :<\/p>\n<p>La maison paroissiale de La Bass\u00e9e aux heures de permanences 03-20-29-23-30\u00a0<a href=\"mailto:stremi.stpaul.weppes@gmail.com\">stremi.stpaul.weppes@gmail.com<\/a><\/p>\n<p>&nbsp;<\/p>\n<h4>Fun\u00e9railles<\/h4>\n<p>La personne nomm\u00e9e ci-dessous vous accompagne pour c\u00e9l\u00e9brer les fun\u00e9railles religieuses de votre d\u00e9funt :<\/p>\n<p>Pascale Demars 03-20-49-99-72 ou 06-23-58-19-22 <a href=\"mailto:pascaledemars@wanadoo.fr\">pascaledemars@wanadoo.fr<\/a><\/p>\n<p>[\/et_pb_text][\/et_pb_column][et_pb_column type=\u00a0\u00bb1_2&Prime; _builder_version=\u00a0\u00bb4.16&Prime; custom_padding=\u00a0\u00bb|||\u00a0\u00bb global_colors_info=\u00a0\u00bb{}\u00a0\u00bb custom_padding__hover=\u00a0\u00bb|||\u00a0\u00bb][et_pb_image src=\u00a0\u00bbhttps:\/\/ville-illies.fr\/wp-content\/uploads\/2024\/02\/Eglise-scaled.jpg\u00a0\u00bb title_text=\u00a0\u00bbEglise\u00a0\u00bb show_in_lightbox=\u00a0\u00bbon\u00a0\u00bb _builder_version=\u00a0\u00bb4.24.2&Prime; _module_preset=\u00a0\u00bbdefault\u00a0\u00bb global_colors_info=\u00a0\u00bb{}\u00a0\u00bb][\/et_pb_image][et_pb_image src=\u00a0\u00bbhttps:\/\/ville-illies.fr\/wp-content\/uploads\/2024\/05\/20240522_161807-scaled.jpg\u00a0\u00bb title_text=\u00a0\u00bb20240522_161807&Prime; show_in_lightbox=\u00a0\u00bbon\u00a0\u00bb _builder_version=\u00a0\u00bb4.24.2&Prime; _module_preset=\u00a0\u00bbdefault\u00a0\u00bb global_colors_info=\u00a0\u00bb{}\u00a0\u00bb][\/et_pb_image][et_pb_text _builder_version=\u00a0\u00bb4.16&Prime; _module_preset=\u00a0\u00bbdefault\u00a0\u00bb background_image=\u00a0\u00bbhttps:\/\/ville-illies.fr\/wp-content\/uploads\/2018\/12\/DSC_2342.jpg\u00a0\u00bb module_alignment=\u00a0\u00bbcenter\u00a0\u00bb height=\u00a0\u00bb837px\u00a0\u00bb global_colors_info=\u00a0\u00bb{}\u00a0\u00bb][\/et_pb_text][\/et_pb_column][\/et_pb_row][\/et_pb_section]<\/p>\n","protected":false},"excerpt":{"rendered":"<p>PAROISSE Informations paroissiales : messes, cat\u00e9ch\u00e8se,\u00a0mariages, bapt\u00eames, fun\u00e9railles\u00a0 PAROISSE SAINT PAUL EN WEPPES\u00a0 Eglise Saint Vaast d&rsquo;Illies Notre cur\u00e9 : Abb\u00e9 Micka\u00ebl DAVID\u00a0 Aid\u00e9 par le P\u00e8re Michel ROGGE Nos pr\u00eatres a\u00een\u00e9s : Abb\u00e9 Georges ARBAULT 5 rue du Bourg Herlies 03-20-29-14-59 Abb\u00e9 Michel ROGGE 54 rue du 4 septembre 59134 FOURNE-EN-WEPPES 03-20-48-04-38 Secr\u00e9tariat paroissial [&hellip;]<\/p>\n","protected":false},"author":1,"featured_media":0,"parent":0,"menu_order":0,"comment_status":"closed","ping_status":"closed","template":"","meta":{"_et_pb_use_builder":"on","_et_pb_old_content":"","_et_gb_content_width":"","footnotes":""},"class_list":["post-30757","page","type-page","status-publish","hentry"],"yoast_head":"<!-- This site is optimized with the Yoast SEO plugin v27.4 - https:\/\/yoast.com\/product\/yoast-seo-wordpress\/ -->\n<title>Informations paroissiales - Site officiel de la ville d&#039;Illies<\/title>\n<meta name=\"description\" content=\"Agence postale de la ville d&#039;Illies - horaires et services postaux - Tel : 03.20.53.88.07\" \/>\n<meta name=\"robots\" content=\"index, follow, max-snippet:-1, max-image-preview:large, max-video-preview:-1\" \/>\n<link rel=\"canonical\" href=\"https:\/\/ville-illies.fr\/?page_id=30757\" \/>\n<meta property=\"og:locale\" content=\"fr_FR\" \/>\n<meta property=\"og:type\" content=\"article\" \/>\n<meta property=\"og:title\" content=\"Informations paroissiales - Site officiel de la ville d&#039;Illies\" \/>\n<meta property=\"og:description\" content=\"Agence postale de la ville d&#039;Illies - horaires et services postaux - Tel : 03.20.53.88.07\" \/>\n<meta property=\"og:url\" content=\"https:\/\/ville-illies.fr\/?page_id=30757\" \/>\n<meta property=\"og:site_name\" content=\"Site officiel de la ville d&#039;Illies\" \/>\n<meta property=\"article:modified_time\" content=\"2024-07-18T09:58:42+00:00\" \/>\n<meta property=\"og:image\" content=\"https:\/\/ville-illies.fr\/wp-content\/uploads\/2020\/09\/sticker-croix-chretienne-10-cm-couleur-noir-150x150.jpg\" \/>\n<meta name=\"twitter:card\" content=\"summary_large_image\" \/>\n<meta name=\"twitter:label1\" content=\"Dur\u00e9e de lecture estim\u00e9e\" \/>\n\t<meta name=\"twitter:data1\" content=\"4 minutes\" \/>\n<script type=\"application\/ld+json\" class=\"yoast-schema-graph\">{\"@context\":\"https:\\\/\\\/schema.org\",\"@graph\":[{\"@type\":\"WebPage\",\"@id\":\"https:\\\/\\\/ville-illies.fr\\\/?page_id=30757\",\"url\":\"https:\\\/\\\/ville-illies.fr\\\/?page_id=30757\",\"name\":\"Informations paroissiales - Site officiel de la ville d&#039;Illies\",\"isPartOf\":{\"@id\":\"https:\\\/\\\/ville-illies.fr\\\/#website\"},\"primaryImageOfPage\":{\"@id\":\"https:\\\/\\\/ville-illies.fr\\\/?page_id=30757#primaryimage\"},\"image\":{\"@id\":\"https:\\\/\\\/ville-illies.fr\\\/?page_id=30757#primaryimage\"},\"thumbnailUrl\":\"https:\\\/\\\/ville-illies.fr\\\/wp-content\\\/uploads\\\/2020\\\/09\\\/sticker-croix-chretienne-10-cm-couleur-noir-150x150.jpg\",\"datePublished\":\"2020-09-08T19:04:51+00:00\",\"dateModified\":\"2024-07-18T09:58:42+00:00\",\"description\":\"Agence postale de la ville d'Illies - horaires et services postaux - Tel : 03.20.53.88.07\",\"breadcrumb\":{\"@id\":\"https:\\\/\\\/ville-illies.fr\\\/?page_id=30757#breadcrumb\"},\"inLanguage\":\"fr-FR\",\"potentialAction\":[{\"@type\":\"ReadAction\",\"target\":[\"https:\\\/\\\/ville-illies.fr\\\/?page_id=30757\"]}]},{\"@type\":\"ImageObject\",\"inLanguage\":\"fr-FR\",\"@id\":\"https:\\\/\\\/ville-illies.fr\\\/?page_id=30757#primaryimage\",\"url\":\"https:\\\/\\\/ville-illies.fr\\\/wp-content\\\/uploads\\\/2020\\\/09\\\/sticker-croix-chretienne-10-cm-couleur-noir.jpg\",\"contentUrl\":\"https:\\\/\\\/ville-illies.fr\\\/wp-content\\\/uploads\\\/2020\\\/09\\\/sticker-croix-chretienne-10-cm-couleur-noir.jpg\",\"width\":700,\"height\":700},{\"@type\":\"BreadcrumbList\",\"@id\":\"https:\\\/\\\/ville-illies.fr\\\/?page_id=30757#breadcrumb\",\"itemListElement\":[{\"@type\":\"ListItem\",\"position\":1,\"name\":\"Accueil\",\"item\":\"https:\\\/\\\/ville-illies.fr\\\/\"},{\"@type\":\"ListItem\",\"position\":2,\"name\":\"Informations paroissiales\"}]},{\"@type\":\"WebSite\",\"@id\":\"https:\\\/\\\/ville-illies.fr\\\/#website\",\"url\":\"https:\\\/\\\/ville-illies.fr\\\/\",\"name\":\"Site officiel de la ville d&#039;Illies\",\"description\":\"Illies, votre village\",\"publisher\":{\"@id\":\"https:\\\/\\\/ville-illies.fr\\\/#organization\"},\"potentialAction\":[{\"@type\":\"SearchAction\",\"target\":{\"@type\":\"EntryPoint\",\"urlTemplate\":\"https:\\\/\\\/ville-illies.fr\\\/?s={search_term_string}\"},\"query-input\":{\"@type\":\"PropertyValueSpecification\",\"valueRequired\":true,\"valueName\":\"search_term_string\"}}],\"inLanguage\":\"fr-FR\"},{\"@type\":\"Organization\",\"@id\":\"https:\\\/\\\/ville-illies.fr\\\/#organization\",\"name\":\"Mairie d'Illies\",\"url\":\"https:\\\/\\\/ville-illies.fr\\\/\",\"logo\":{\"@type\":\"ImageObject\",\"inLanguage\":\"fr-FR\",\"@id\":\"https:\\\/\\\/ville-illies.fr\\\/#\\\/schema\\\/logo\\\/image\\\/\",\"url\":\"https:\\\/\\\/ville-illies.fr\\\/wp-content\\\/uploads\\\/2018\\\/12\\\/LogoIllies500x600.png\",\"contentUrl\":\"https:\\\/\\\/ville-illies.fr\\\/wp-content\\\/uploads\\\/2018\\\/12\\\/LogoIllies500x600.png\",\"width\":500,\"height\":600,\"caption\":\"Mairie d'Illies\"},\"image\":{\"@id\":\"https:\\\/\\\/ville-illies.fr\\\/#\\\/schema\\\/logo\\\/image\\\/\"}}]}<\/script>\n<!-- \/ Yoast SEO plugin. -->","yoast_head_json":{"title":"Informations paroissiales - Site officiel de la ville d&#039;Illies","description":"Agence postale de la ville d'Illies - horaires et services postaux - Tel : 03.20.53.88.07","robots":{"index":"index","follow":"follow","max-snippet":"max-snippet:-1","max-image-preview":"max-image-preview:large","max-video-preview":"max-video-preview:-1"},"canonical":"https:\/\/ville-illies.fr\/?page_id=30757","og_locale":"fr_FR","og_type":"article","og_title":"Informations paroissiales - Site officiel de la ville d&#039;Illies","og_description":"Agence postale de la ville d'Illies - horaires et services postaux - Tel : 03.20.53.88.07","og_url":"https:\/\/ville-illies.fr\/?page_id=30757","og_site_name":"Site officiel de la ville d&#039;Illies","article_modified_time":"2024-07-18T09:58:42+00:00","og_image":[{"url":"https:\/\/ville-illies.fr\/wp-content\/uploads\/2020\/09\/sticker-croix-chretienne-10-cm-couleur-noir-150x150.jpg","type":"","width":"","height":""}],"twitter_card":"summary_large_image","twitter_misc":{"Dur\u00e9e de lecture estim\u00e9e":"4 minutes"},"schema":{"@context":"https:\/\/schema.org","@graph":[{"@type":"WebPage","@id":"https:\/\/ville-illies.fr\/?page_id=30757","url":"https:\/\/ville-illies.fr\/?page_id=30757","name":"Informations paroissiales - Site officiel de la ville d&#039;Illies","isPartOf":{"@id":"https:\/\/ville-illies.fr\/#website"},"primaryImageOfPage":{"@id":"https:\/\/ville-illies.fr\/?page_id=30757#primaryimage"},"image":{"@id":"https:\/\/ville-illies.fr\/?page_id=30757#primaryimage"},"thumbnailUrl":"https:\/\/ville-illies.fr\/wp-content\/uploads\/2020\/09\/sticker-croix-chretienne-10-cm-couleur-noir-150x150.jpg","datePublished":"2020-09-08T19:04:51+00:00","dateModified":"2024-07-18T09:58:42+00:00","description":"Agence postale de la ville d'Illies - horaires et services postaux - Tel : 03.20.53.88.07","breadcrumb":{"@id":"https:\/\/ville-illies.fr\/?page_id=30757#breadcrumb"},"inLanguage":"fr-FR","potentialAction":[{"@type":"ReadAction","target":["https:\/\/ville-illies.fr\/?page_id=30757"]}]},{"@type":"ImageObject","inLanguage":"fr-FR","@id":"https:\/\/ville-illies.fr\/?page_id=30757#primaryimage","url":"https:\/\/ville-illies.fr\/wp-content\/uploads\/2020\/09\/sticker-croix-chretienne-10-cm-couleur-noir.jpg","contentUrl":"https:\/\/ville-illies.fr\/wp-content\/uploads\/2020\/09\/sticker-croix-chretienne-10-cm-couleur-noir.jpg","width":700,"height":700},{"@type":"BreadcrumbList","@id":"https:\/\/ville-illies.fr\/?page_id=30757#breadcrumb","itemListElement":[{"@type":"ListItem","position":1,"name":"Accueil","item":"https:\/\/ville-illies.fr\/"},{"@type":"ListItem","position":2,"name":"Informations paroissiales"}]},{"@type":"WebSite","@id":"https:\/\/ville-illies.fr\/#website","url":"https:\/\/ville-illies.fr\/","name":"Site officiel de la ville d&#039;Illies","description":"Illies, votre village","publisher":{"@id":"https:\/\/ville-illies.fr\/#organization"},"potentialAction":[{"@type":"SearchAction","target":{"@type":"EntryPoint","urlTemplate":"https:\/\/ville-illies.fr\/?s={search_term_string}"},"query-input":{"@type":"PropertyValueSpecification","valueRequired":true,"valueName":"search_term_string"}}],"inLanguage":"fr-FR"},{"@type":"Organization","@id":"https:\/\/ville-illies.fr\/#organization","name":"Mairie d'Illies","url":"https:\/\/ville-illies.fr\/","logo":{"@type":"ImageObject","inLanguage":"fr-FR","@id":"https:\/\/ville-illies.fr\/#\/schema\/logo\/image\/","url":"https:\/\/ville-illies.fr\/wp-content\/uploads\/2018\/12\/LogoIllies500x600.png","contentUrl":"https:\/\/ville-illies.fr\/wp-content\/uploads\/2018\/12\/LogoIllies500x600.png","width":500,"height":600,"caption":"Mairie d'Illies"},"image":{"@id":"https:\/\/ville-illies.fr\/#\/schema\/logo\/image\/"}}]}},"_links":{"self":[{"href":"https:\/\/ville-illies.fr\/index.php?rest_route=\/wp\/v2\/pages\/30757","targetHints":{"allow":["GET"]}}],"collection":[{"href":"https:\/\/ville-illies.fr\/index.php?rest_route=\/wp\/v2\/pages"}],"about":[{"href":"https:\/\/ville-illies.fr\/index.php?rest_route=\/wp\/v2\/types\/page"}],"author":[{"embeddable":true,"href":"https:\/\/ville-illies.fr\/index.php?rest_route=\/wp\/v2\/users\/1"}],"replies":[{"embeddable":true,"href":"https:\/\/ville-illies.fr\/index.php?rest_route=%2Fwp%2Fv2%2Fcomments&post=30757"}],"version-history":[{"count":0,"href":"https:\/\/ville-illies.fr\/index.php?rest_route=\/wp\/v2\/pages\/30757\/revisions"}],"wp:attachment":[{"href":"https:\/\/ville-illies.fr\/index.php?rest_route=%2Fwp%2Fv2%2Fmedia&parent=30757"}],"curies":[{"name":"wp","href":"https:\/\/api.w.org\/{rel}","templated":true}]}}