{"id":32663,"date":"2020-10-03T08:15:25","date_gmt":"2020-10-03T08:15:25","guid":{"rendered":"https:\/\/ville-illies.fr\/?page_id=32663"},"modified":"2024-04-08T20:02:41","modified_gmt":"2024-04-08T20:02:41","slug":"parrainage-civil","status":"publish","type":"page","link":"https:\/\/ville-illies.fr\/?page_id=32663","title":{"rendered":"Parrainage civil"},"content":{"rendered":"<p>[et_pb_section fb_built=\u00a0\u00bb1&Prime; fullwidth=\u00a0\u00bbon\u00a0\u00bb _builder_version=\u00a0\u00bb4.16&Prime; custom_padding=\u00a0\u00bb0px||0px\u00a0\u00bb bottom_divider_color=\u00a0\u00bb#edf000&Prime; global_colors_info=\u00a0\u00bb{}\u00a0\u00bb][et_pb_fullwidth_header title=\u00a0\u00bbParrainage civil\u00a0\u00bb background_overlay_color=\u00a0\u00bbrgba(30,29,29,0.71)\u00a0\u00bb _builder_version=\u00a0\u00bb4.16&Prime; title_level=\u00a0\u00bbh2&Prime; title_font=\u00a0\u00bbTrebuchet|||on|||||\u00a0\u00bb title_text_align=\u00a0\u00bbcenter\u00a0\u00bb title_font_size=\u00a0\u00bb60px\u00a0\u00bb background_image=\u00a0\u00bbhttps:\/\/ville-illies.fr\/wp-content\/uploads\/2019\/05\/couple-1845334_1920.jpg\u00a0\u00bb custom_margin=\u00a0\u00bb0px||\u00a0\u00bb custom_padding=\u00a0\u00bb150px||150px\u00a0\u00bb filter_contrast=\u00a0\u00bb70%\u00a0\u00bb global_colors_info=\u00a0\u00bb{}\u00a0\u00bb][\/et_pb_fullwidth_header][\/et_pb_section][et_pb_section fb_built=\u00a0\u00bb1&Prime; specialty=\u00a0\u00bbon\u00a0\u00bb module_class=\u00a0\u00bb et_pb_specialty_fullwidth\u00a0\u00bb _builder_version=\u00a0\u00bb4.16&Prime; inner_width=\u00a0\u00bb89%\u00a0\u00bb inner_width_tablet=\u00a0\u00bb80%\u00a0\u00bb inner_width_phone=\u00a0\u00bb\u00a0\u00bb inner_width_last_edited=\u00a0\u00bbon|desktop\u00a0\u00bb inner_max_width=\u00a0\u00bb89%\u00a0\u00bb inner_max_width_tablet=\u00a0\u00bb80%\u00a0\u00bb inner_max_width_phone=\u00a0\u00bb\u00a0\u00bb inner_max_width_last_edited=\u00a0\u00bbon|desktop\u00a0\u00bb make_fullwidth=\u00a0\u00bbon\u00a0\u00bb global_colors_info=\u00a0\u00bb{}\u00a0\u00bb][et_pb_column type=\u00a0\u00bb1_2&Prime; specialty_columns=\u00a0\u00bb2&Prime; _builder_version=\u00a0\u00bb4.16&Prime; custom_padding=\u00a0\u00bb|||\u00a0\u00bb global_colors_info=\u00a0\u00bb{}\u00a0\u00bb custom_padding__hover=\u00a0\u00bb|||\u00a0\u00bb][et_pb_row_inner _builder_version=\u00a0\u00bb4.16&Prime; _module_preset=\u00a0\u00bbdefault\u00a0\u00bb global_colors_info=\u00a0\u00bb{}\u00a0\u00bb][et_pb_column_inner saved_specialty_column_type=\u00a0\u00bb1_2&Prime; _builder_version=\u00a0\u00bb4.16&Prime; _module_preset=\u00a0\u00bbdefault\u00a0\u00bb global_colors_info=\u00a0\u00bb{}\u00a0\u00bb][et_pb_text _builder_version=\u00a0\u00bb4.24.2&Prime; _module_preset=\u00a0\u00bbdefault\u00a0\u00bb custom_margin=\u00a0\u00bb||-2px|||\u00a0\u00bb custom_padding=\u00a0\u00bb||135px|||\u00a0\u00bb global_colors_info=\u00a0\u00bb{}\u00a0\u00bb]<\/p>\n<p>Acte citoyen, le parrainage civil est destin\u00e9 \u00e0 faire entrer l\u2019enfant dans la communaut\u00e9 r\u00e9publicaine et \u00e0 lui donner un parrain et une marraine pour aider les parents \u00e0 surmonter les moments forts de la vie.<\/p>\n<p>Le Parrainage Civil, appel\u00e9 aussi Bapt\u00eame R\u00e9publicain, est un acte la\u00efc et symbolique qui permet de d\u00e9signer, hors du cadre religieux, un ou plusieurs parrain(s) et marraine(s) \u00e0 son enfant. Le Parrainage Civil se pratique \u00e0 la mairie. Cet engagement moral n\u2019a qu\u2019une valeur symbolique et n\u2019est donc pas r\u00e9gie par la loi. N\u00e9anmoins, les parrain(s) et marraine(s) doivent \u00eatre majeurs.<\/p>\n<p>Le Parrainage Civil n\u2019est pr\u00e9vu par aucun texte. Il n\u2019a pas de valeur l\u00e9gale et ne lie pas les parrains et marraines par un lien contractuel. L\u2019engagement qu\u2019ils prennent de suppl\u00e9er les parents, en cas de d\u00e9faillance ou de disparition, est symbolique. Il traduit leur attachement particulier \u00e0 l\u2019enfant.<\/p>\n<p>&nbsp;<\/p>\n<ul>\n<li><strong>Valeur juridique du bapt\u00eame civil<\/strong><\/li>\n<\/ul>\n<p>Le bapt\u00eame civil (\u00e9galement appel\u00e9 parrainage civil ou parrainage r\u00e9publicain) n\u2019est pr\u00e9vu par aucun texte et ne cr\u00e9e aucune obligation. Il s\u2019agit d\u2019un engagement moral d\u2019ordre purement priv\u00e9.<\/p>\n<p>Le bapt\u00eame civil se pratique dans certaines Mairies, mais elles ne sont pas dans l\u2019obligation de le c\u00e9l\u00e9brer.<\/p>\n<p><strong>Le bapt\u00eame civil n\u2019est pas inscrit sur les registres de l\u2019\u00e9tat civil et les justificatifs \u00e9ventuellement d\u00e9livr\u00e9s n\u2019ont pas de valeur au regard de la loi.<\/strong><\/p>\n<p>&nbsp;<\/p>\n<ul>\n<li><strong>Les d\u00e9marches<\/strong><\/li>\n<\/ul>\n<p>Contrairement au bapt\u00eame religieux, les d\u00e9marches du bapt\u00eame civil sont relativement simples. Il est toutefois important de bien les conna\u00eetre et de se pr\u00e9parer en amont afin que l\u2019\u00e9v\u00e9nement se d\u00e9roule dans les meilleures conditions.<\/p>\n<p>&nbsp;<\/p>\n<ul>\n<li><strong>O\u00f9 baptiser son enfant<\/strong><\/li>\n<\/ul>\n<p>Les parents (ou la\/les personnes qui exerce l\u2019autorit\u00e9 parentale) qui souhaitent baptiser civilement leur enfant doivent se renseigner aupr\u00e8s de leur mairie afin de v\u00e9rifier que celle-ci offre cette possibilit\u00e9.<\/p>\n<p>En cas de refus, il est possible de demander une d\u00e9rogation aupr\u00e8s d\u2019une autre commune. Pour obtenir des informations pr\u00e9cises, se renseigner directement aupr\u00e8s de la Maire de sa commune de r\u00e9sidence.<\/p>\n<p>&nbsp;<\/p>\n<ul>\n<li><strong>Le consentement des parents<\/strong><\/li>\n<\/ul>\n<p>Pour que le bapt\u00eame puisse avoir lieu, l\u2019accord des deux parents est n\u00e9cessaire. En cas de s\u00e9paration ou de divorce, le parent qui souhaite faire baptiser l\u2019enfant a l\u2019obligation d\u2019adresser une demande \u00e9crite \u00e0 son co-parents.<\/p>\n<p>En cas d\u2019opposition, le bapt\u00eame ne pourra \u00eatre c\u00e9l\u00e9br\u00e9. L\u2019absence de r\u00e9ponse est consid\u00e9r\u00e9e comme un accord tacite et donne droit \u00e0 la c\u00e9l\u00e9bration du bapt\u00eame.<\/p>\n<p>&nbsp;<\/p>\n<ul>\n<li><strong>Le r\u00f4le du parrain et de la marraine<\/strong><\/li>\n<\/ul>\n<p>Le parrain et la marraine s\u2019engagent \u00e0 accompagner leur filleul dans les diff\u00e9rentes \u00e9tapes de sa vie et \u00e0 prendre soin de lui. Il s\u2019agit cependant d\u2019un engagement purement moral car il n\u2019existe \u00e0 ce jour aucune loi qui les y contraigne.<\/p>\n<p>Le choix d\u2019un parrain et d\u2019une marraine est un moment fort et important. En plus d\u2019\u00eatre un signe de confiance, il s\u2019agit d\u2019un lien particulier qui se d\u00e9veloppera entre les personnes d\u00e9sign\u00e9es et l\u2019enfant.<\/p>\n<p>&nbsp;<\/p>\n<ul>\n<li><strong>Le d\u00e9roulement de la c\u00e9r\u00e9monie<\/strong><\/li>\n<\/ul>\n<p>Le bapt\u00eame civil se tient en pr\u00e9sence de l\u2019enfant, des parents, du parrain et de la marraine et du reste de la famille. Il est g\u00e9n\u00e9ralement c\u00e9l\u00e9br\u00e9 dans la salle des mariages de la Mairie, le samedi apr\u00e8s-midi.<\/p>\n<p>&nbsp;<\/p>\n<p>Bien qu\u2019il n\u2019existe aucun protocole officiel quant \u00e0 la c\u00e9l\u00e9bration du bapt\u00eame civil, celui-ci se d\u00e9roule le plus souvent de la mani\u00e8re suivante :<\/p>\n<ul>\n<li><strong>Accueil de la famille et des invit\u00e9s<\/strong><\/li>\n<\/ul>\n<p>Apr\u00e8s avoir accueilli la famille (parents et enfant) dans la salle des mariages, le maire (son adjoint, un conseiller municipal ou un autre repr\u00e9sentant de la mairie) rappelle bri\u00e8vement le principe et les origines de la c\u00e9l\u00e9bration et prononce un discours sur l\u2019enfant et les valeurs de la R\u00e9publique.<\/p>\n<ul>\n<li><strong>Consentement et signature<\/strong><\/li>\n<\/ul>\n<p>Les parrains et les marraines confirment ensuite leur consentement et signent le certificat de parrainage civique. Un exemplaire de certificat sign\u00e9 est remis \u00e0 la fin de la c\u00e9r\u00e9monie aux parents, aux parrains et aux marraines et \u00e0 l\u2019enfant.<\/p>\n<p>&nbsp;<\/p>\n<p><strong><u>Pi\u00e8ces \u00e0 fournir\u00a0:<\/u><\/strong><\/p>\n<ul>\n<li>Formulaire rempli<\/li>\n<li>Livret de famille<\/li>\n<li>Acte de naissance de l\u2019enfant datant de moins de 3 mois<\/li>\n<li>Justificatif de domicile des parents datant de moins de 3 mois<\/li>\n<li>Justificatif de domicile de la marraine datant de moins de 3 mois<\/li>\n<li>Justificatif de domicile du parrain datant de moins de 3 mois<\/li>\n<li>Cartes identit\u00e9 des parents<\/li>\n<li>Carte identit\u00e9 de la marraine<\/li>\n<li>Carte identit\u00e9 du parrain<\/li>\n<\/ul>\n<p>&nbsp;<\/p>\n<p>Le dossier doit \u00eatre d\u00e9pos\u00e9 <strong>au plus tard un mois avant la date pr\u00e9vue du Bapt\u00eame<\/strong>. Il est conseill\u00e9 de confirmer sa demande aupr\u00e8s de la mairie 8 jours avant la c\u00e9r\u00e9monie. La d\u00e9marche est gratuite.<\/p>\n<p>&nbsp;<\/p>\n<p>&nbsp;<\/p>\n<p>&nbsp;<\/p>\n<p>[\/et_pb_text][\/et_pb_column_inner][\/et_pb_row_inner][\/et_pb_column][et_pb_column type=\u00a0\u00bb1_2&Prime; _builder_version=\u00a0\u00bb4.16&Prime; custom_padding=\u00a0\u00bb|||\u00a0\u00bb global_colors_info=\u00a0\u00bb{}\u00a0\u00bb custom_padding__hover=\u00a0\u00bb|||\u00a0\u00bb][et_pb_image src=\u00a0\u00bbhttps:\/\/ville-illies.fr\/wp-content\/uploads\/2024\/04\/e17bdba8575baf8d96cd87e8ca9774d7-0-scaled.jpg\u00a0\u00bb title_text=\u00a0\u00bbe17bdba8575baf8d96cd87e8ca9774d7-0&Prime; _builder_version=\u00a0\u00bb4.24.2&Prime; _module_preset=\u00a0\u00bbdefault\u00a0\u00bb global_colors_info=\u00a0\u00bb{}\u00a0\u00bb][\/et_pb_image][et_pb_button button_text=\u00a0\u00bbFormulaire de parrainage\u00a0\u00bb _builder_version=\u00a0\u00bb4.24.2&Prime; _module_preset=\u00a0\u00bbdefault\u00a0\u00bb button_alignment=\u00a0\u00bbcenter\u00a0\u00bb hover_enabled=\u00a0\u00bb0&Prime; sticky_enabled=\u00a0\u00bb0&Prime; custom_button=\u00a0\u00bbon\u00a0\u00bb button_text_color=\u00a0\u00bb#FFFFFF\u00a0\u00bb button_bg_color=\u00a0\u00bb#ffb400&Prime; button_bg_enable_color=\u00a0\u00bbon\u00a0\u00bb button_url=\u00a0\u00bbhttps:\/\/ville-illies.fr\/wp-content\/uploads\/2024\/04\/Formulaire-Parrainange-civil.docx\u00a0\u00bb][\/et_pb_button][et_pb_image src=\u00a0\u00bbhttps:\/\/ville-illies.fr\/wp-content\/uploads\/2024\/04\/e17bdba8575baf8d96cd87e8ca9774d7-1-scaled.jpg\u00a0\u00bb title_text=\u00a0\u00bbe17bdba8575baf8d96cd87e8ca9774d7-1&Prime; _builder_version=\u00a0\u00bb4.24.2&Prime; _module_preset=\u00a0\u00bbdefault\u00a0\u00bb global_colors_info=\u00a0\u00bb{}\u00a0\u00bb][\/et_pb_image][\/et_pb_column][\/et_pb_section]<\/p>\n","protected":false},"excerpt":{"rendered":"<p>Acte citoyen, le parrainage civil est destin\u00e9 \u00e0 faire entrer l\u2019enfant dans la communaut\u00e9 r\u00e9publicaine et \u00e0 lui donner un parrain et une marraine pour aider les parents \u00e0 surmonter les moments forts de la vie. Le Parrainage Civil, appel\u00e9 aussi Bapt\u00eame R\u00e9publicain, est un acte la\u00efc et symbolique qui permet de d\u00e9signer, hors du [&hellip;]<\/p>\n","protected":false},"author":1,"featured_media":0,"parent":0,"menu_order":0,"comment_status":"closed","ping_status":"closed","template":"","meta":{"_et_pb_use_builder":"on","_et_pb_old_content":"","_et_gb_content_width":"","footnotes":""},"class_list":["post-32663","page","type-page","status-publish","hentry"],"yoast_head":"<!-- This site is optimized with the Yoast SEO plugin v27.4 - https:\/\/yoast.com\/product\/yoast-seo-wordpress\/ -->\n<title>Parrainage civil - Site officiel de la ville d&#039;Illies<\/title>\n<meta name=\"description\" content=\"Toutes les d\u00e9marches administratives pour le PACS sur la ville d&#039;Illies. Documents \u00e0 t\u00e9l\u00e9charger, informations et coordonn\u00e9es.\" \/>\n<meta name=\"robots\" content=\"index, follow, max-snippet:-1, max-image-preview:large, max-video-preview:-1\" \/>\n<link rel=\"canonical\" href=\"https:\/\/ville-illies.fr\/?page_id=32663\" \/>\n<meta property=\"og:locale\" content=\"fr_FR\" \/>\n<meta property=\"og:type\" content=\"article\" \/>\n<meta property=\"og:title\" content=\"Parrainage civil - Site officiel de la ville d&#039;Illies\" \/>\n<meta property=\"og:description\" content=\"Toutes les d\u00e9marches administratives pour le PACS sur la ville d&#039;Illies. Documents \u00e0 t\u00e9l\u00e9charger, informations et coordonn\u00e9es.\" \/>\n<meta property=\"og:url\" content=\"https:\/\/ville-illies.fr\/?page_id=32663\" \/>\n<meta property=\"og:site_name\" content=\"Site officiel de la ville d&#039;Illies\" \/>\n<meta property=\"article:modified_time\" content=\"2024-04-08T20:02:41+00:00\" \/>\n<meta name=\"twitter:card\" content=\"summary_large_image\" \/>\n<meta name=\"twitter:label1\" content=\"Dur\u00e9e de lecture estim\u00e9e\" \/>\n\t<meta name=\"twitter:data1\" content=\"6 minutes\" \/>\n<script type=\"application\/ld+json\" class=\"yoast-schema-graph\">{\"@context\":\"https:\\\/\\\/schema.org\",\"@graph\":[{\"@type\":\"WebPage\",\"@id\":\"https:\\\/\\\/ville-illies.fr\\\/?page_id=32663\",\"url\":\"https:\\\/\\\/ville-illies.fr\\\/?page_id=32663\",\"name\":\"Parrainage civil - Site officiel de la ville d&#039;Illies\",\"isPartOf\":{\"@id\":\"https:\\\/\\\/ville-illies.fr\\\/#website\"},\"datePublished\":\"2020-10-03T08:15:25+00:00\",\"dateModified\":\"2024-04-08T20:02:41+00:00\",\"description\":\"Toutes les d\u00e9marches administratives pour le PACS sur la ville d'Illies. Documents \u00e0 t\u00e9l\u00e9charger, informations et coordonn\u00e9es.\",\"breadcrumb\":{\"@id\":\"https:\\\/\\\/ville-illies.fr\\\/?page_id=32663#breadcrumb\"},\"inLanguage\":\"fr-FR\",\"potentialAction\":[{\"@type\":\"ReadAction\",\"target\":[\"https:\\\/\\\/ville-illies.fr\\\/?page_id=32663\"]}]},{\"@type\":\"BreadcrumbList\",\"@id\":\"https:\\\/\\\/ville-illies.fr\\\/?page_id=32663#breadcrumb\",\"itemListElement\":[{\"@type\":\"ListItem\",\"position\":1,\"name\":\"Accueil\",\"item\":\"https:\\\/\\\/ville-illies.fr\\\/\"},{\"@type\":\"ListItem\",\"position\":2,\"name\":\"Parrainage civil\"}]},{\"@type\":\"WebSite\",\"@id\":\"https:\\\/\\\/ville-illies.fr\\\/#website\",\"url\":\"https:\\\/\\\/ville-illies.fr\\\/\",\"name\":\"Site officiel de la ville d&#039;Illies\",\"description\":\"Illies, votre village\",\"publisher\":{\"@id\":\"https:\\\/\\\/ville-illies.fr\\\/#organization\"},\"potentialAction\":[{\"@type\":\"SearchAction\",\"target\":{\"@type\":\"EntryPoint\",\"urlTemplate\":\"https:\\\/\\\/ville-illies.fr\\\/?s={search_term_string}\"},\"query-input\":{\"@type\":\"PropertyValueSpecification\",\"valueRequired\":true,\"valueName\":\"search_term_string\"}}],\"inLanguage\":\"fr-FR\"},{\"@type\":\"Organization\",\"@id\":\"https:\\\/\\\/ville-illies.fr\\\/#organization\",\"name\":\"Mairie d'Illies\",\"url\":\"https:\\\/\\\/ville-illies.fr\\\/\",\"logo\":{\"@type\":\"ImageObject\",\"inLanguage\":\"fr-FR\",\"@id\":\"https:\\\/\\\/ville-illies.fr\\\/#\\\/schema\\\/logo\\\/image\\\/\",\"url\":\"https:\\\/\\\/ville-illies.fr\\\/wp-content\\\/uploads\\\/2018\\\/12\\\/LogoIllies500x600.png\",\"contentUrl\":\"https:\\\/\\\/ville-illies.fr\\\/wp-content\\\/uploads\\\/2018\\\/12\\\/LogoIllies500x600.png\",\"width\":500,\"height\":600,\"caption\":\"Mairie d'Illies\"},\"image\":{\"@id\":\"https:\\\/\\\/ville-illies.fr\\\/#\\\/schema\\\/logo\\\/image\\\/\"}}]}<\/script>\n<!-- \/ Yoast SEO plugin. -->","yoast_head_json":{"title":"Parrainage civil - Site officiel de la ville d&#039;Illies","description":"Toutes les d\u00e9marches administratives pour le PACS sur la ville d'Illies. Documents \u00e0 t\u00e9l\u00e9charger, informations et coordonn\u00e9es.","robots":{"index":"index","follow":"follow","max-snippet":"max-snippet:-1","max-image-preview":"max-image-preview:large","max-video-preview":"max-video-preview:-1"},"canonical":"https:\/\/ville-illies.fr\/?page_id=32663","og_locale":"fr_FR","og_type":"article","og_title":"Parrainage civil - Site officiel de la ville d&#039;Illies","og_description":"Toutes les d\u00e9marches administratives pour le PACS sur la ville d'Illies. Documents \u00e0 t\u00e9l\u00e9charger, informations et coordonn\u00e9es.","og_url":"https:\/\/ville-illies.fr\/?page_id=32663","og_site_name":"Site officiel de la ville d&#039;Illies","article_modified_time":"2024-04-08T20:02:41+00:00","twitter_card":"summary_large_image","twitter_misc":{"Dur\u00e9e de lecture estim\u00e9e":"6 minutes"},"schema":{"@context":"https:\/\/schema.org","@graph":[{"@type":"WebPage","@id":"https:\/\/ville-illies.fr\/?page_id=32663","url":"https:\/\/ville-illies.fr\/?page_id=32663","name":"Parrainage civil - Site officiel de la ville d&#039;Illies","isPartOf":{"@id":"https:\/\/ville-illies.fr\/#website"},"datePublished":"2020-10-03T08:15:25+00:00","dateModified":"2024-04-08T20:02:41+00:00","description":"Toutes les d\u00e9marches administratives pour le PACS sur la ville d'Illies. Documents \u00e0 t\u00e9l\u00e9charger, informations et coordonn\u00e9es.","breadcrumb":{"@id":"https:\/\/ville-illies.fr\/?page_id=32663#breadcrumb"},"inLanguage":"fr-FR","potentialAction":[{"@type":"ReadAction","target":["https:\/\/ville-illies.fr\/?page_id=32663"]}]},{"@type":"BreadcrumbList","@id":"https:\/\/ville-illies.fr\/?page_id=32663#breadcrumb","itemListElement":[{"@type":"ListItem","position":1,"name":"Accueil","item":"https:\/\/ville-illies.fr\/"},{"@type":"ListItem","position":2,"name":"Parrainage civil"}]},{"@type":"WebSite","@id":"https:\/\/ville-illies.fr\/#website","url":"https:\/\/ville-illies.fr\/","name":"Site officiel de la ville d&#039;Illies","description":"Illies, votre village","publisher":{"@id":"https:\/\/ville-illies.fr\/#organization"},"potentialAction":[{"@type":"SearchAction","target":{"@type":"EntryPoint","urlTemplate":"https:\/\/ville-illies.fr\/?s={search_term_string}"},"query-input":{"@type":"PropertyValueSpecification","valueRequired":true,"valueName":"search_term_string"}}],"inLanguage":"fr-FR"},{"@type":"Organization","@id":"https:\/\/ville-illies.fr\/#organization","name":"Mairie d'Illies","url":"https:\/\/ville-illies.fr\/","logo":{"@type":"ImageObject","inLanguage":"fr-FR","@id":"https:\/\/ville-illies.fr\/#\/schema\/logo\/image\/","url":"https:\/\/ville-illies.fr\/wp-content\/uploads\/2018\/12\/LogoIllies500x600.png","contentUrl":"https:\/\/ville-illies.fr\/wp-content\/uploads\/2018\/12\/LogoIllies500x600.png","width":500,"height":600,"caption":"Mairie d'Illies"},"image":{"@id":"https:\/\/ville-illies.fr\/#\/schema\/logo\/image\/"}}]}},"_links":{"self":[{"href":"https:\/\/ville-illies.fr\/index.php?rest_route=\/wp\/v2\/pages\/32663","targetHints":{"allow":["GET"]}}],"collection":[{"href":"https:\/\/ville-illies.fr\/index.php?rest_route=\/wp\/v2\/pages"}],"about":[{"href":"https:\/\/ville-illies.fr\/index.php?rest_route=\/wp\/v2\/types\/page"}],"author":[{"embeddable":true,"href":"https:\/\/ville-illies.fr\/index.php?rest_route=\/wp\/v2\/users\/1"}],"replies":[{"embeddable":true,"href":"https:\/\/ville-illies.fr\/index.php?rest_route=%2Fwp%2Fv2%2Fcomments&post=32663"}],"version-history":[{"count":0,"href":"https:\/\/ville-illies.fr\/index.php?rest_route=\/wp\/v2\/pages\/32663\/revisions"}],"wp:attachment":[{"href":"https:\/\/ville-illies.fr\/index.php?rest_route=%2Fwp%2Fv2%2Fmedia&parent=32663"}],"curies":[{"name":"wp","href":"https:\/\/api.w.org\/{rel}","templated":true}]}}