{"id":32681,"date":"2020-10-03T08:39:51","date_gmt":"2020-10-03T08:39:51","guid":{"rendered":"https:\/\/ville-illies.fr\/?page_id=32681"},"modified":"2024-04-18T13:33:09","modified_gmt":"2024-04-18T13:33:09","slug":"demande-d-acte-civil","status":"publish","type":"page","link":"https:\/\/ville-illies.fr\/?page_id=32681","title":{"rendered":"Demande d&rsquo;acte civil"},"content":{"rendered":"<p>[et_pb_section fb_built=\u00a0\u00bb1&Prime; fullwidth=\u00a0\u00bbon\u00a0\u00bb _builder_version=\u00a0\u00bb4.16&Prime; custom_padding=\u00a0\u00bb0px||0px\u00a0\u00bb bottom_divider_color=\u00a0\u00bb#edf000&Prime; global_colors_info=\u00a0\u00bb{}\u00a0\u00bb][et_pb_fullwidth_header title=\u00a0\u00bbDemande d&rsquo;acte civil\u00a0\u00bb background_overlay_color=\u00a0\u00bbrgba(30,29,29,0.71)\u00a0\u00bb _builder_version=\u00a0\u00bb4.16&Prime; title_level=\u00a0\u00bbh2&Prime; title_font=\u00a0\u00bbTrebuchet|||on|||||\u00a0\u00bb title_text_align=\u00a0\u00bbcenter\u00a0\u00bb title_font_size=\u00a0\u00bb60px\u00a0\u00bb background_image=\u00a0\u00bbhttps:\/\/ville-illies.fr\/wp-content\/uploads\/2019\/05\/couple-1845334_1920.jpg\u00a0\u00bb custom_margin=\u00a0\u00bb0px||\u00a0\u00bb custom_padding=\u00a0\u00bb150px||150px\u00a0\u00bb filter_contrast=\u00a0\u00bb70%\u00a0\u00bb global_colors_info=\u00a0\u00bb{}\u00a0\u00bb][\/et_pb_fullwidth_header][\/et_pb_section][et_pb_section fb_built=\u00a0\u00bb1&Prime; specialty=\u00a0\u00bbon\u00a0\u00bb module_class=\u00a0\u00bb et_pb_specialty_fullwidth\u00a0\u00bb _builder_version=\u00a0\u00bb4.16&Prime; inner_width=\u00a0\u00bb89%\u00a0\u00bb inner_width_tablet=\u00a0\u00bb80%\u00a0\u00bb inner_width_phone=\u00a0\u00bb\u00a0\u00bb inner_width_last_edited=\u00a0\u00bbon|desktop\u00a0\u00bb inner_max_width=\u00a0\u00bb89%\u00a0\u00bb inner_max_width_tablet=\u00a0\u00bb80%\u00a0\u00bb inner_max_width_phone=\u00a0\u00bb\u00a0\u00bb inner_max_width_last_edited=\u00a0\u00bbon|desktop\u00a0\u00bb make_fullwidth=\u00a0\u00bbon\u00a0\u00bb global_colors_info=\u00a0\u00bb{}\u00a0\u00bb][et_pb_column type=\u00a0\u00bb1_2&Prime; specialty_columns=\u00a0\u00bb2&Prime; _builder_version=\u00a0\u00bb4.16&Prime; custom_padding=\u00a0\u00bb|||\u00a0\u00bb global_colors_info=\u00a0\u00bb{}\u00a0\u00bb custom_padding__hover=\u00a0\u00bb|||\u00a0\u00bb][et_pb_row_inner _builder_version=\u00a0\u00bb4.16&Prime; _module_preset=\u00a0\u00bbdefault\u00a0\u00bb global_colors_info=\u00a0\u00bb{}\u00a0\u00bb][et_pb_column_inner saved_specialty_column_type=\u00a0\u00bb1_2&Prime; _builder_version=\u00a0\u00bb4.16&Prime; _module_preset=\u00a0\u00bbdefault\u00a0\u00bb global_colors_info=\u00a0\u00bb{}\u00a0\u00bb][et_pb_text _builder_version=\u00a0\u00bb4.24.2&Prime; _module_preset=\u00a0\u00bbdefault\u00a0\u00bb hover_enabled=\u00a0\u00bb0&Prime; global_colors_info=\u00a0\u00bb{}\u00a0\u00bb sticky_enabled=\u00a0\u00bb0&Prime;]<\/p>\n<p>Pour effectuer certaines d\u00e9marches, vous devez fournir un acte d\u2019\u00e9tat-civil. <strong>Pour le recevoir, vous devez obligatoirement vous adresser \u00e0 la Mairie du lieu o\u00f9 s\u2019est d\u00e9roul\u00e9 l\u2019\u00e9v\u00e9nement.<\/strong><\/p>\n<p><span style=\"color: #3366ff;\"><strong>Demande d&rsquo;acte de mariage<\/strong><\/span><\/p>\n<p>Vous pouvez demander <strong>Une copie int\u00e9grale<\/strong>\u00a0si vous \u00eates\u00a0:<\/p>\n<ul>\n<li>L\u2019un des \u00e9poux,<\/li>\n<li>Un ascendant (parent, grand-parent&#8230;) des \u00e9poux,<\/li>\n<li>Un descendant (enfant, petit-enfant&#8230;) majeur des \u00e9poux,<\/li>\n<li>Un professionnel autoris\u00e9 habilit\u00e9 \u00e0 le faire (avocat pour le compte de leur client par exemple).<\/li>\n<\/ul>\n<p>Pi\u00e8ces \u00e0 fournir\u00a0:<\/p>\n<ul>\n<li>Carte identit\u00e9<\/li>\n<li>Livret de famille<\/li>\n<\/ul>\n<p><span style=\"color: #3366ff;\"><strong>Demande d&rsquo;acte de naissance<\/strong><\/span><\/p>\n<p>Vous pouvez demander <strong>Une copie int\u00e9grale\u00a0<\/strong>si vous \u00eates\u00a0:<\/p>\n<ul>\n<li>L\u2019un des \u00e9poux,<\/li>\n<li>Un ascendant (parent, grand-parent&#8230;) des \u00e9poux,<\/li>\n<li>Un descendant (enfant, petits-enfants&#8230;) majeur des \u00e9poux,<\/li>\n<li>Un professionnel autoris\u00e9 habilit\u00e9 \u00e0 le faire (avocats, pour le compte de leur client par exemple).<\/li>\n<\/ul>\n<p>Pi\u00e8ces \u00e0 fournir\u00a0:<\/p>\n<ul>\n<li>Carte identit\u00e9<\/li>\n<li>Livret de famille<\/li>\n<\/ul>\n<p><span style=\"color: #3366ff;\"><strong>Demande d&rsquo;acte de d\u00e9c\u00e8s<\/strong><\/span><\/p>\n<p>Toute personne peut demander un acte de d\u00e9c\u00e8s, sans justification particuli\u00e8re.<\/p>\n<p><span style=\"color: #3366ff;\"><strong>Duplicata de livret de famille<\/strong><\/span><\/p>\n<p>En cas de perte, de vol, de divorce ou de s\u00e9paration, vous pouvez obtenir un\u00a0<em>second livret<\/em>\u00a0de famille (un duplicata). En cas de d\u00e9c\u00e8s du ou des titulaires du livret, les enfants ne peuvent pas obtenir la d\u00e9livrance d&rsquo;un second livret. Le tuteur d&rsquo;un enfant mineur peut \u00e9ventuellement obtenir un second livret avec l&rsquo;accord du procureur.<\/p>\n<p><strong>Vous devez en faire la demande \u00e0 la mairie du lieu du domicile de l&rsquo;auteur de la demande de duplicata.<\/strong><\/p>\n<p><strong>Pi\u00e8ces \u00e0 fournir :<\/strong><\/p>\n<ul>\n<li>Carte d\u2019identit\u00e9 du demandeur qui doit \u00eatre l&rsquo;un des titulaires du livret<\/li>\n<li>Un justificatif de domicile (titre de propri\u00e9t\u00e9, avis d&rsquo;imposition ou certificat de non-imposition, quittance de loyer, d&rsquo;assurance du logement, facture de gaz, d&rsquo;\u00e9lectricit\u00e9 ou de t\u00e9l\u00e9phone)<\/li>\n<li>Compl\u00e9ter la demande de livret de famille<\/li>\n<\/ul>\n<p><span style=\"color: #3366ff;\"><strong>Reconnaissance anticip\u00e9e<\/strong><\/span><\/p>\n<p>Le p\u00e8re et\/ou la m\u00e8re peuvent reconna\u00eetre leur enfant avant la naissance en faisant une d\u00e9claration au service de l&rsquo;\u00e9tat civil.<\/p>\n<p>Pi\u00e8ces \u00e0 fournir\u00a0:<\/p>\n<ul>\n<li>Carte identit\u00e9<\/li>\n<li>Justificatif de domicile de moins de 3 mois<\/li>\n<li>Compl\u00e9ter la reconnaissance anticip\u00e9e<\/li>\n<\/ul>\n<p>&nbsp;<\/p>\n<p>En principe, les pi\u00e8ces d&rsquo;\u00e9tat civil (extraits et copies int\u00e9grales) sont valables quelle que soit leur date de d\u00e9livrance.<\/p>\n<p>Un\u00a0<span style=\"color: #000000;\"><a href=\"https:\/\/www.service-public.fr\/particuliers\/vosdroits\/F1427\" style=\"color: #000000;\"><strong>acte de naissance<\/strong><\/a><\/span>, de\u00a0<span style=\"color: #000000;\"><a href=\"https:\/\/www.service-public.fr\/particuliers\/vosdroits\/F1432\" style=\"color: #000000;\"><strong>mariage<\/strong><\/a><\/span>\u00a0ou de\u00a0<span style=\"color: #000000;\"><a href=\"https:\/\/www.service-public.fr\/particuliers\/vosdroits\/F1444\" style=\"color: #000000;\"><strong>d\u00e9c\u00e8s<\/strong><\/a><\/span>\u00a0demeure valable tant que les \u00e9l\u00e9ments qui y figurent n&rsquo;ont pas \u00e9t\u00e9 modifi\u00e9s.<\/p>\n<p>Cependant, pour les d\u00e9marches suivantes, une anciennet\u00e9 ne peut pas \u00eatre d\u00e9pass\u00e9e\u00a0:<\/p>\n<ul>\n<li>Carte nationale d&rsquo;identit\u00e9 ou passeport\u00a0: la date de l&rsquo;acte est de 3 mois maximum<\/li>\n<li>Mariage\u00a0: la date de l&rsquo;acte est de 3 mois maximum si le service qui d\u00e9livre l&rsquo;acte est fran\u00e7ais (6 mois maximum si le service qui d\u00e9livre l&rsquo;acte est \u00e9tranger). Mais il n&rsquo;y a pas de condition de d\u00e9lai si le syst\u00e8me du pays ne pr\u00e9voit pas la mise \u00e0 jour des actes.<\/li>\n<li>Pacs\u00a0: la date de l&rsquo;acte est de 3 mois maximum si le service qui d\u00e9livre l&rsquo;acte est fran\u00e7ais (6 mois maximum si le service qui d\u00e9livre l&rsquo;acte est \u00e9tranger).<\/li>\n<\/ul>\n<p>Pour d&rsquo;autres d\u00e9marches (exemple\u00a0: demande de pension de r\u00e9version), une dur\u00e9e de validit\u00e9 de l&rsquo;acte d&rsquo;\u00e9tat civil n&rsquo;est pas exig\u00e9e. Toutefois, en pratique, il est possible que les caisses de retraite vous demandent de leur fournir un acte r\u00e9cent pour s&rsquo;assurer que vous ne vous \u00eates pas remari\u00e9(e)s.<\/p>\n<p>&nbsp;<\/p>\n<p>[\/et_pb_text][\/et_pb_column_inner][\/et_pb_row_inner][\/et_pb_column][et_pb_column type=\u00a0\u00bb1_2&Prime; _builder_version=\u00a0\u00bb4.16&Prime; custom_padding=\u00a0\u00bb|||\u00a0\u00bb global_colors_info=\u00a0\u00bb{}\u00a0\u00bb custom_padding__hover=\u00a0\u00bb|||\u00a0\u00bb][et_pb_image src=\u00a0\u00bbhttps:\/\/ville-illies.fr\/wp-content\/uploads\/2024\/04\/2823516337a942bafae9f7f495e9f458nKQdM0oT5dcS6lr0-0-scaled.jpg\u00a0\u00bb _builder_version=\u00a0\u00bb4.24.2&Prime; _module_preset=\u00a0\u00bbdefault\u00a0\u00bb title_text=\u00a0\u00bb2823516337a942bafae9f7f495e9f458nKQdM0oT5dcS6lr0-0&Prime; hover_enabled=\u00a0\u00bb0&Prime; sticky_enabled=\u00a0\u00bb0&Prime;][\/et_pb_image][et_pb_image src=\u00a0\u00bbhttps:\/\/ville-illies.fr\/wp-content\/uploads\/2024\/04\/2823516337a942bafae9f7f495e9f458nKQdM0oT5dcS6lr0-1-scaled.jpg\u00a0\u00bb _builder_version=\u00a0\u00bb4.24.2&Prime; _module_preset=\u00a0\u00bbdefault\u00a0\u00bb title_text=\u00a0\u00bb2823516337a942bafae9f7f495e9f458nKQdM0oT5dcS6lr0-1&Prime; hover_enabled=\u00a0\u00bb0&Prime; sticky_enabled=\u00a0\u00bb0&Prime;][\/et_pb_image][et_pb_image src=\u00a0\u00bbhttps:\/\/ville-illies.fr\/wp-content\/uploads\/2024\/04\/reconnaissance-anticipee-scaled.jpg\u00a0\u00bb _builder_version=\u00a0\u00bb4.24.2&Prime; _module_preset=\u00a0\u00bbdefault\u00a0\u00bb title_text=\u00a0\u00bbreconnaissance-anticipee\u00a0\u00bb hover_enabled=\u00a0\u00bb0&Prime; sticky_enabled=\u00a0\u00bb0&Prime;][\/et_pb_image][\/et_pb_column][\/et_pb_section]<\/p>\n","protected":false},"excerpt":{"rendered":"<p>Pour effectuer certaines d\u00e9marches, vous devez fournir un acte d\u2019\u00e9tat-civil. Pour le recevoir, vous devez obligatoirement vous adresser \u00e0 la Mairie du lieu o\u00f9 s\u2019est d\u00e9roul\u00e9 l\u2019\u00e9v\u00e9nement. Demande d&rsquo;acte de mariage Vous pouvez demander Une copie int\u00e9grale\u00a0si vous \u00eates\u00a0: L\u2019un des \u00e9poux, Un ascendant (parent, grand-parent&#8230;) des \u00e9poux, Un descendant (enfant, petit-enfant&#8230;) majeur des \u00e9poux, [&hellip;]<\/p>\n","protected":false},"author":1,"featured_media":0,"parent":0,"menu_order":0,"comment_status":"closed","ping_status":"closed","template":"","meta":{"_et_pb_use_builder":"on","_et_pb_old_content":"","_et_gb_content_width":"","footnotes":""},"class_list":["post-32681","page","type-page","status-publish","hentry"],"yoast_head":"<!-- This site is optimized with the Yoast SEO plugin v27.4 - https:\/\/yoast.com\/product\/yoast-seo-wordpress\/ -->\n<title>Demande d&#039;acte civil - Site officiel de la ville d&#039;Illies<\/title>\n<meta name=\"description\" content=\"Toutes les d\u00e9marches administratives pour le PACS sur la ville d&#039;Illies. Documents \u00e0 t\u00e9l\u00e9charger, informations et coordonn\u00e9es.\" \/>\n<meta name=\"robots\" content=\"index, follow, max-snippet:-1, max-image-preview:large, max-video-preview:-1\" \/>\n<link rel=\"canonical\" href=\"https:\/\/ville-illies.fr\/?page_id=32681\" \/>\n<meta property=\"og:locale\" content=\"fr_FR\" \/>\n<meta property=\"og:type\" content=\"article\" \/>\n<meta property=\"og:title\" content=\"Demande d&#039;acte civil - Site officiel de la ville d&#039;Illies\" \/>\n<meta property=\"og:description\" content=\"Toutes les d\u00e9marches administratives pour le PACS sur la ville d&#039;Illies. Documents \u00e0 t\u00e9l\u00e9charger, informations et coordonn\u00e9es.\" \/>\n<meta property=\"og:url\" content=\"https:\/\/ville-illies.fr\/?page_id=32681\" \/>\n<meta property=\"og:site_name\" content=\"Site officiel de la ville d&#039;Illies\" \/>\n<meta property=\"article:modified_time\" content=\"2024-04-18T13:33:09+00:00\" \/>\n<meta name=\"twitter:card\" content=\"summary_large_image\" \/>\n<meta name=\"twitter:label1\" content=\"Dur\u00e9e de lecture estim\u00e9e\" \/>\n\t<meta name=\"twitter:data1\" content=\"5 minutes\" \/>\n<script type=\"application\/ld+json\" class=\"yoast-schema-graph\">{\"@context\":\"https:\\\/\\\/schema.org\",\"@graph\":[{\"@type\":\"WebPage\",\"@id\":\"https:\\\/\\\/ville-illies.fr\\\/?page_id=32681\",\"url\":\"https:\\\/\\\/ville-illies.fr\\\/?page_id=32681\",\"name\":\"Demande d'acte civil - Site officiel de la ville d&#039;Illies\",\"isPartOf\":{\"@id\":\"https:\\\/\\\/ville-illies.fr\\\/#website\"},\"datePublished\":\"2020-10-03T08:39:51+00:00\",\"dateModified\":\"2024-04-18T13:33:09+00:00\",\"description\":\"Toutes les d\u00e9marches administratives pour le PACS sur la ville d'Illies. Documents \u00e0 t\u00e9l\u00e9charger, informations et coordonn\u00e9es.\",\"breadcrumb\":{\"@id\":\"https:\\\/\\\/ville-illies.fr\\\/?page_id=32681#breadcrumb\"},\"inLanguage\":\"fr-FR\",\"potentialAction\":[{\"@type\":\"ReadAction\",\"target\":[\"https:\\\/\\\/ville-illies.fr\\\/?page_id=32681\"]}]},{\"@type\":\"BreadcrumbList\",\"@id\":\"https:\\\/\\\/ville-illies.fr\\\/?page_id=32681#breadcrumb\",\"itemListElement\":[{\"@type\":\"ListItem\",\"position\":1,\"name\":\"Accueil\",\"item\":\"https:\\\/\\\/ville-illies.fr\\\/\"},{\"@type\":\"ListItem\",\"position\":2,\"name\":\"Demande d&rsquo;acte civil\"}]},{\"@type\":\"WebSite\",\"@id\":\"https:\\\/\\\/ville-illies.fr\\\/#website\",\"url\":\"https:\\\/\\\/ville-illies.fr\\\/\",\"name\":\"Site officiel de la ville d&#039;Illies\",\"description\":\"Illies, votre village\",\"publisher\":{\"@id\":\"https:\\\/\\\/ville-illies.fr\\\/#organization\"},\"potentialAction\":[{\"@type\":\"SearchAction\",\"target\":{\"@type\":\"EntryPoint\",\"urlTemplate\":\"https:\\\/\\\/ville-illies.fr\\\/?s={search_term_string}\"},\"query-input\":{\"@type\":\"PropertyValueSpecification\",\"valueRequired\":true,\"valueName\":\"search_term_string\"}}],\"inLanguage\":\"fr-FR\"},{\"@type\":\"Organization\",\"@id\":\"https:\\\/\\\/ville-illies.fr\\\/#organization\",\"name\":\"Mairie d'Illies\",\"url\":\"https:\\\/\\\/ville-illies.fr\\\/\",\"logo\":{\"@type\":\"ImageObject\",\"inLanguage\":\"fr-FR\",\"@id\":\"https:\\\/\\\/ville-illies.fr\\\/#\\\/schema\\\/logo\\\/image\\\/\",\"url\":\"https:\\\/\\\/ville-illies.fr\\\/wp-content\\\/uploads\\\/2018\\\/12\\\/LogoIllies500x600.png\",\"contentUrl\":\"https:\\\/\\\/ville-illies.fr\\\/wp-content\\\/uploads\\\/2018\\\/12\\\/LogoIllies500x600.png\",\"width\":500,\"height\":600,\"caption\":\"Mairie d'Illies\"},\"image\":{\"@id\":\"https:\\\/\\\/ville-illies.fr\\\/#\\\/schema\\\/logo\\\/image\\\/\"}}]}<\/script>\n<!-- \/ Yoast SEO plugin. -->","yoast_head_json":{"title":"Demande d'acte civil - Site officiel de la ville d&#039;Illies","description":"Toutes les d\u00e9marches administratives pour le PACS sur la ville d'Illies. Documents \u00e0 t\u00e9l\u00e9charger, informations et coordonn\u00e9es.","robots":{"index":"index","follow":"follow","max-snippet":"max-snippet:-1","max-image-preview":"max-image-preview:large","max-video-preview":"max-video-preview:-1"},"canonical":"https:\/\/ville-illies.fr\/?page_id=32681","og_locale":"fr_FR","og_type":"article","og_title":"Demande d'acte civil - Site officiel de la ville d&#039;Illies","og_description":"Toutes les d\u00e9marches administratives pour le PACS sur la ville d'Illies. Documents \u00e0 t\u00e9l\u00e9charger, informations et coordonn\u00e9es.","og_url":"https:\/\/ville-illies.fr\/?page_id=32681","og_site_name":"Site officiel de la ville d&#039;Illies","article_modified_time":"2024-04-18T13:33:09+00:00","twitter_card":"summary_large_image","twitter_misc":{"Dur\u00e9e de lecture estim\u00e9e":"5 minutes"},"schema":{"@context":"https:\/\/schema.org","@graph":[{"@type":"WebPage","@id":"https:\/\/ville-illies.fr\/?page_id=32681","url":"https:\/\/ville-illies.fr\/?page_id=32681","name":"Demande d'acte civil - Site officiel de la ville d&#039;Illies","isPartOf":{"@id":"https:\/\/ville-illies.fr\/#website"},"datePublished":"2020-10-03T08:39:51+00:00","dateModified":"2024-04-18T13:33:09+00:00","description":"Toutes les d\u00e9marches administratives pour le PACS sur la ville d'Illies. Documents \u00e0 t\u00e9l\u00e9charger, informations et coordonn\u00e9es.","breadcrumb":{"@id":"https:\/\/ville-illies.fr\/?page_id=32681#breadcrumb"},"inLanguage":"fr-FR","potentialAction":[{"@type":"ReadAction","target":["https:\/\/ville-illies.fr\/?page_id=32681"]}]},{"@type":"BreadcrumbList","@id":"https:\/\/ville-illies.fr\/?page_id=32681#breadcrumb","itemListElement":[{"@type":"ListItem","position":1,"name":"Accueil","item":"https:\/\/ville-illies.fr\/"},{"@type":"ListItem","position":2,"name":"Demande d&rsquo;acte civil"}]},{"@type":"WebSite","@id":"https:\/\/ville-illies.fr\/#website","url":"https:\/\/ville-illies.fr\/","name":"Site officiel de la ville d&#039;Illies","description":"Illies, votre village","publisher":{"@id":"https:\/\/ville-illies.fr\/#organization"},"potentialAction":[{"@type":"SearchAction","target":{"@type":"EntryPoint","urlTemplate":"https:\/\/ville-illies.fr\/?s={search_term_string}"},"query-input":{"@type":"PropertyValueSpecification","valueRequired":true,"valueName":"search_term_string"}}],"inLanguage":"fr-FR"},{"@type":"Organization","@id":"https:\/\/ville-illies.fr\/#organization","name":"Mairie d'Illies","url":"https:\/\/ville-illies.fr\/","logo":{"@type":"ImageObject","inLanguage":"fr-FR","@id":"https:\/\/ville-illies.fr\/#\/schema\/logo\/image\/","url":"https:\/\/ville-illies.fr\/wp-content\/uploads\/2018\/12\/LogoIllies500x600.png","contentUrl":"https:\/\/ville-illies.fr\/wp-content\/uploads\/2018\/12\/LogoIllies500x600.png","width":500,"height":600,"caption":"Mairie d'Illies"},"image":{"@id":"https:\/\/ville-illies.fr\/#\/schema\/logo\/image\/"}}]}},"_links":{"self":[{"href":"https:\/\/ville-illies.fr\/index.php?rest_route=\/wp\/v2\/pages\/32681","targetHints":{"allow":["GET"]}}],"collection":[{"href":"https:\/\/ville-illies.fr\/index.php?rest_route=\/wp\/v2\/pages"}],"about":[{"href":"https:\/\/ville-illies.fr\/index.php?rest_route=\/wp\/v2\/types\/page"}],"author":[{"embeddable":true,"href":"https:\/\/ville-illies.fr\/index.php?rest_route=\/wp\/v2\/users\/1"}],"replies":[{"embeddable":true,"href":"https:\/\/ville-illies.fr\/index.php?rest_route=%2Fwp%2Fv2%2Fcomments&post=32681"}],"version-history":[{"count":0,"href":"https:\/\/ville-illies.fr\/index.php?rest_route=\/wp\/v2\/pages\/32681\/revisions"}],"wp:attachment":[{"href":"https:\/\/ville-illies.fr\/index.php?rest_route=%2Fwp%2Fv2%2Fmedia&parent=32681"}],"curies":[{"name":"wp","href":"https:\/\/api.w.org\/{rel}","templated":true}]}}