{"id":508,"date":"2018-12-18T21:13:23","date_gmt":"2018-12-18T21:13:23","guid":{"rendered":"http:\/\/ville-illies.fr\/?page_id=508"},"modified":"2024-07-17T07:23:28","modified_gmt":"2024-07-17T07:23:28","slug":"cimetiere","status":"publish","type":"page","link":"https:\/\/ville-illies.fr\/?page_id=508","title":{"rendered":"Cimeti\u00e8re"},"content":{"rendered":"<p>[et_pb_section fb_built=\u00a0\u00bb1&Prime; admin_label=\u00a0\u00bbHeader\u00a0\u00bb _builder_version=\u00a0\u00bb4.16&Prime; use_background_color_gradient=\u00a0\u00bbon\u00a0\u00bb background_color_gradient_stops=\u00a0\u00bb#000000 0%|rgba(0,0,0,0.6) 100%\u00a0\u00bb background_color_gradient_overlays_image=\u00a0\u00bbon\u00a0\u00bb background_color_gradient_start=\u00a0\u00bb#000000&Prime; background_color_gradient_end=\u00a0\u00bbrgba(0,0,0,0.6)\u00a0\u00bb background_image=\u00a0\u00bbhttps:\/\/ville-illies.fr\/wp-content\/uploads\/2018\/12\/DSC_2302-1.jpg\u00a0\u00bb custom_margin=\u00a0\u00bb||||false\u00a0\u00bb custom_padding=\u00a0\u00bb10vw||10vw||true|false\u00a0\u00bb global_colors_info=\u00a0\u00bb{}\u00a0\u00bb][et_pb_row _builder_version=\u00a0\u00bb4.16&Prime; max_width=\u00a0\u00bb700px\u00a0\u00bb use_custom_width=\u00a0\u00bbon\u00a0\u00bb custom_width_px=\u00a0\u00bb700px\u00a0\u00bb global_colors_info=\u00a0\u00bb{}\u00a0\u00bb][et_pb_column type=\u00a0\u00bb4_4&Prime; _builder_version=\u00a0\u00bb4.16&Prime; custom_padding=\u00a0\u00bb|||\u00a0\u00bb global_colors_info=\u00a0\u00bb{}\u00a0\u00bb custom_padding__hover=\u00a0\u00bb|||\u00a0\u00bb][et_pb_text _builder_version=\u00a0\u00bb4.16&Prime; text_font=\u00a0\u00bb||||||||\u00a0\u00bb header_font=\u00a0\u00bbTrebuchet|700|||||||\u00a0\u00bb header_text_color=\u00a0\u00bb#ffffff\u00a0\u00bb header_font_size=\u00a0\u00bb48px\u00a0\u00bb header_line_height=\u00a0\u00bb1.5em\u00a0\u00bb header_3_font=\u00a0\u00bbRubik|500||on|||||\u00a0\u00bb header_3_text_color=\u00a0\u00bbrgba(102,183,249,0.6)\u00a0\u00bb header_3_font_size=\u00a0\u00bb14px\u00a0\u00bb header_3_letter_spacing=\u00a0\u00bb2px\u00a0\u00bb header_3_line_height=\u00a0\u00bb2em\u00a0\u00bb text_orientation=\u00a0\u00bbcenter\u00a0\u00bb background_layout=\u00a0\u00bbdark\u00a0\u00bb header_font_size_tablet=\u00a0\u00bb38px\u00a0\u00bb header_font_size_phone=\u00a0\u00bb28px\u00a0\u00bb header_font_size_last_edited=\u00a0\u00bbon|phone\u00a0\u00bb global_colors_info=\u00a0\u00bb{}\u00a0\u00bb]<\/p>\n<h3>Vous aider dans vos d\u00e9marches<\/h3>\n<h1>CIMETIERE<\/h1>\n<p>[\/et_pb_text][et_pb_divider color=\u00a0\u00bbrgba(102,183,249,0.6)\u00a0\u00bb divider_weight=\u00a0\u00bb4px\u00a0\u00bb _builder_version=\u00a0\u00bb4.16&Prime; max_width=\u00a0\u00bb140px\u00a0\u00bb module_alignment=\u00a0\u00bbcenter\u00a0\u00bb height=\u00a0\u00bb4px\u00a0\u00bb global_colors_info=\u00a0\u00bb{}\u00a0\u00bb][\/et_pb_divider][et_pb_text _builder_version=\u00a0\u00bb4.16&Prime; text_font=\u00a0\u00bb||||||||\u00a0\u00bb text_line_height=\u00a0\u00bb2em\u00a0\u00bb text_orientation=\u00a0\u00bbcenter\u00a0\u00bb background_layout=\u00a0\u00bbdark\u00a0\u00bb custom_margin=\u00a0\u00bb60px||60px||true\u00a0\u00bb global_colors_info=\u00a0\u00bb{}\u00a0\u00bb]<\/p>\n<p>Pour les demandes d&rsquo;achat de concession ou de case de columbarium, se rendre directement en Mairie aux heures d&rsquo;ouverture habituelles avec les papiers justificatifs n\u00e9cessaires.<\/p>\n<p>[\/et_pb_text][et_pb_button button_url=\u00a0\u00bbhttps:\/\/ville-illies.fr\/?page_id=263&Prime; button_text=\u00a0\u00bbNous contacter\u00a0\u00bb button_alignment=\u00a0\u00bbcenter\u00a0\u00bb _builder_version=\u00a0\u00bb4.16&Prime; custom_button=\u00a0\u00bbon\u00a0\u00bb button_text_size=\u00a0\u00bb12px\u00a0\u00bb button_text_color=\u00a0\u00bb#ffffff\u00a0\u00bb button_bg_color=\u00a0\u00bb#D64309&Prime; button_border_color=\u00a0\u00bbrgba(0,0,0,0)\u00a0\u00bb button_border_radius=\u00a0\u00bb0px\u00a0\u00bb button_letter_spacing=\u00a0\u00bb2px\u00a0\u00bb button_font=\u00a0\u00bbRubik|500||on|||||\u00a0\u00bb button_use_icon=\u00a0\u00bboff\u00a0\u00bb custom_padding=\u00a0\u00bb16px|32px|16px|32px|true|true\u00a0\u00bb box_shadow_style=\u00a0\u00bbpreset1&Prime; box_shadow_color=\u00a0\u00bbrgba(239,59,36,0.24)\u00a0\u00bb button_letter_spacing_hover=\u00a0\u00bb2px\u00a0\u00bb global_colors_info=\u00a0\u00bb{}\u00a0\u00bb button_text_size__hover_enabled=\u00a0\u00bboff\u00a0\u00bb button_one_text_size__hover_enabled=\u00a0\u00bboff\u00a0\u00bb button_two_text_size__hover_enabled=\u00a0\u00bboff\u00a0\u00bb button_text_color__hover_enabled=\u00a0\u00bboff\u00a0\u00bb button_one_text_color__hover_enabled=\u00a0\u00bboff\u00a0\u00bb button_two_text_color__hover_enabled=\u00a0\u00bboff\u00a0\u00bb button_border_width__hover_enabled=\u00a0\u00bboff\u00a0\u00bb button_one_border_width__hover_enabled=\u00a0\u00bboff\u00a0\u00bb button_two_border_width__hover_enabled=\u00a0\u00bboff\u00a0\u00bb button_border_color__hover_enabled=\u00a0\u00bboff\u00a0\u00bb button_one_border_color__hover_enabled=\u00a0\u00bboff\u00a0\u00bb button_two_border_color__hover_enabled=\u00a0\u00bboff\u00a0\u00bb button_border_radius__hover_enabled=\u00a0\u00bboff\u00a0\u00bb button_one_border_radius__hover_enabled=\u00a0\u00bboff\u00a0\u00bb button_two_border_radius__hover_enabled=\u00a0\u00bboff\u00a0\u00bb button_letter_spacing__hover_enabled=\u00a0\u00bbon\u00a0\u00bb button_letter_spacing__hover=\u00a0\u00bb2px\u00a0\u00bb button_one_letter_spacing__hover_enabled=\u00a0\u00bboff\u00a0\u00bb button_two_letter_spacing__hover_enabled=\u00a0\u00bboff\u00a0\u00bb button_bg_color__hover_enabled=\u00a0\u00bboff\u00a0\u00bb button_one_bg_color__hover_enabled=\u00a0\u00bboff\u00a0\u00bb button_two_bg_color__hover_enabled=\u00a0\u00bboff\u00a0\u00bb][\/et_pb_button][\/et_pb_column][\/et_pb_row][\/et_pb_section][et_pb_section fb_built=\u00a0\u00bb1&Prime; admin_label=\u00a0\u00bbContact Info\u00a0\u00bb _builder_version=\u00a0\u00bb4.16&Prime; custom_padding=\u00a0\u00bb55px|0px|54px|0px|false|false\u00a0\u00bb global_colors_info=\u00a0\u00bb{}\u00a0\u00bb][et_pb_row column_structure=\u00a0\u00bb1_4,1_4,1_4,1_4&Prime; _builder_version=\u00a0\u00bb4.16&Prime; background_color=\u00a0\u00bb#ffffff\u00a0\u00bb max_width=\u00a0\u00bb1280px\u00a0\u00bb custom_margin=\u00a0\u00bb-150px|||\u00a0\u00bb custom_padding=\u00a0\u00bb60px|40px|60px|40px|true|true\u00a0\u00bb animation_style=\u00a0\u00bbzoom\u00a0\u00bb animation_intensity_zoom=\u00a0\u00bb20%\u00a0\u00bb border_width_all=\u00a0\u00bb3px\u00a0\u00bb border_color_all=\u00a0\u00bb#eff5f7&Prime; box_shadow_style=\u00a0\u00bbpreset3&Prime; box_shadow_vertical=\u00a0\u00bb40px\u00a0\u00bb box_shadow_blur=\u00a0\u00bb60px\u00a0\u00bb box_shadow_spread=\u00a0\u00bb-10px\u00a0\u00bb box_shadow_color=\u00a0\u00bbrgba(0,0,0,0.03)\u00a0\u00bb use_custom_width=\u00a0\u00bbon\u00a0\u00bb custom_width_px=\u00a0\u00bb1280px\u00a0\u00bb global_colors_info=\u00a0\u00bb{}\u00a0\u00bb][et_pb_column type=\u00a0\u00bb1_4&Prime; _builder_version=\u00a0\u00bb4.16&Prime; custom_padding=\u00a0\u00bb|||\u00a0\u00bb global_colors_info=\u00a0\u00bb{}\u00a0\u00bb custom_padding__hover=\u00a0\u00bb|||\u00a0\u00bb][et_pb_blurb title=\u00a0\u00bbACHAT\u00a0\u00bb url=\u00a0\u00bbhttps:\/\/ville-illies.fr\/?page_id=10919&Prime; url_new_window=\u00a0\u00bbon\u00a0\u00bb image=\u00a0\u00bbhttps:\/\/ville-illies.fr\/wp-content\/uploads\/2019\/01\/Plan-de-travail-1-copie.png\u00a0\u00bb icon_placement=\u00a0\u00bbleft\u00a0\u00bb image_icon_width=\u00a0\u00bb80px\u00a0\u00bb content_max_width=\u00a0\u00bb1100px\u00a0\u00bb image_icon_width_tablet=\u00a0\u00bb60px\u00a0\u00bb image_icon_width_phone=\u00a0\u00bb60px\u00a0\u00bb image_icon_width_last_edited=\u00a0\u00bbon|tablet\u00a0\u00bb _builder_version=\u00a0\u00bb4.16&Prime; header_font=\u00a0\u00bbRubik|500||on|||||\u00a0\u00bb header_text_color=\u00a0\u00bb#D64309&Prime; header_font_size=\u00a0\u00bb12px\u00a0\u00bb header_letter_spacing=\u00a0\u00bb2px\u00a0\u00bb header_line_height=\u00a0\u00bb2em\u00a0\u00bb body_font=\u00a0\u00bb|600|||||||\u00a0\u00bb body_text_color=\u00a0\u00bb#000000&Prime; body_font_size=\u00a0\u00bb14px\u00a0\u00bb body_font_size_tablet=\u00a0\u00bb12px\u00a0\u00bb body_font_size_phone=\u00a0\u00bb\u00a0\u00bb body_font_size_last_edited=\u00a0\u00bbon|tablet\u00a0\u00bb image_max_width=\u00a0\u00bb80px\u00a0\u00bb image_max_width_tablet=\u00a0\u00bb60px\u00a0\u00bb image_max_width_phone=\u00a0\u00bb60px\u00a0\u00bb image_max_width_last_edited=\u00a0\u00bbon|tablet\u00a0\u00bb locked=\u00a0\u00bboff\u00a0\u00bb global_colors_info=\u00a0\u00bb{}\u00a0\u00bb]<\/p>\n<p>Tarifs Concessions<\/p>\n<p>[\/et_pb_blurb][\/et_pb_column][et_pb_column type=\u00a0\u00bb1_4&Prime; _builder_version=\u00a0\u00bb4.16&Prime; custom_padding=\u00a0\u00bb|||\u00a0\u00bb global_colors_info=\u00a0\u00bb{}\u00a0\u00bb custom_padding__hover=\u00a0\u00bb|||\u00a0\u00bb][et_pb_blurb title=\u00a0\u00bbACHAT\u00a0\u00bb url=\u00a0\u00bbhttps:\/\/ville-illies.fr\/?page_id=10919&Prime; url_new_window=\u00a0\u00bbon\u00a0\u00bb image=\u00a0\u00bbhttps:\/\/ville-illies.fr\/wp-content\/uploads\/2019\/01\/Plan-de-travail-1.png\u00a0\u00bb icon_placement=\u00a0\u00bbleft\u00a0\u00bb image_icon_width=\u00a0\u00bb80px\u00a0\u00bb content_max_width=\u00a0\u00bb1100px\u00a0\u00bb image_icon_width_tablet=\u00a0\u00bb60px\u00a0\u00bb image_icon_width_phone=\u00a0\u00bb60px\u00a0\u00bb image_icon_width_last_edited=\u00a0\u00bbon|tablet\u00a0\u00bb _builder_version=\u00a0\u00bb4.16&Prime; header_font=\u00a0\u00bbRubik|500||on|||||\u00a0\u00bb header_text_color=\u00a0\u00bb#D64309&Prime; header_font_size=\u00a0\u00bb12px\u00a0\u00bb header_letter_spacing=\u00a0\u00bb2px\u00a0\u00bb header_line_height=\u00a0\u00bb2em\u00a0\u00bb body_font=\u00a0\u00bb|600|||||||\u00a0\u00bb body_text_color=\u00a0\u00bb#000000&Prime; body_font_size=\u00a0\u00bb14px\u00a0\u00bb body_font_size_tablet=\u00a0\u00bb12px\u00a0\u00bb body_font_size_phone=\u00a0\u00bb\u00a0\u00bb body_font_size_last_edited=\u00a0\u00bbon|tablet\u00a0\u00bb image_max_width=\u00a0\u00bb80px\u00a0\u00bb image_max_width_tablet=\u00a0\u00bb60px\u00a0\u00bb image_max_width_phone=\u00a0\u00bb60px\u00a0\u00bb image_max_width_last_edited=\u00a0\u00bbon|tablet\u00a0\u00bb locked=\u00a0\u00bboff\u00a0\u00bb global_colors_info=\u00a0\u00bb{}\u00a0\u00bb]<\/p>\n<p>Tarifs Colombarium<\/p>\n<p>[\/et_pb_blurb][\/et_pb_column][et_pb_column type=\u00a0\u00bb1_4&Prime; _builder_version=\u00a0\u00bb4.16&Prime; custom_padding=\u00a0\u00bb|||\u00a0\u00bb global_colors_info=\u00a0\u00bb{}\u00a0\u00bb custom_padding__hover=\u00a0\u00bb|||\u00a0\u00bb][et_pb_blurb title=\u00a0\u00bbREGLEMENT\u00a0\u00bb url=\u00a0\u00bbhttps:\/\/ville-illies.fr\/wp-content\/uploads\/2024\/07\/Reglement-interieur-cimetie-re-columbarium-cavurnes_compressed-1.pdf\u00a0\u00bb image=\u00a0\u00bbhttps:\/\/ville-illies.fr\/wp-content\/uploads\/2019\/01\/Plan-de-travail-1-copie-2.png\u00a0\u00bb icon_placement=\u00a0\u00bbleft\u00a0\u00bb image_icon_width=\u00a0\u00bb80px\u00a0\u00bb content_max_width=\u00a0\u00bb1100px\u00a0\u00bb image_icon_width_tablet=\u00a0\u00bb60px\u00a0\u00bb image_icon_width_phone=\u00a0\u00bb60px\u00a0\u00bb image_icon_width_last_edited=\u00a0\u00bbon|tablet\u00a0\u00bb _builder_version=\u00a0\u00bb4.24.2&Prime; header_font=\u00a0\u00bbRubik|500||on|||||\u00a0\u00bb header_text_color=\u00a0\u00bb#D64309&Prime; header_font_size=\u00a0\u00bb12px\u00a0\u00bb header_letter_spacing=\u00a0\u00bb2px\u00a0\u00bb header_line_height=\u00a0\u00bb2em\u00a0\u00bb body_font=\u00a0\u00bb|600|||||||\u00a0\u00bb body_text_color=\u00a0\u00bb#000000&Prime; body_font_size=\u00a0\u00bb14px\u00a0\u00bb hover_enabled=\u00a0\u00bb0&Prime; body_font_size_tablet=\u00a0\u00bb12px\u00a0\u00bb body_font_size_phone=\u00a0\u00bb\u00a0\u00bb body_font_size_last_edited=\u00a0\u00bbon|tablet\u00a0\u00bb image_max_width=\u00a0\u00bb80px\u00a0\u00bb image_max_width_tablet=\u00a0\u00bb60px\u00a0\u00bb image_max_width_phone=\u00a0\u00bb60px\u00a0\u00bb image_max_width_last_edited=\u00a0\u00bbon|tablet\u00a0\u00bb locked=\u00a0\u00bboff\u00a0\u00bb global_colors_info=\u00a0\u00bb{}\u00a0\u00bb sticky_enabled=\u00a0\u00bb0&Prime;]<\/p>\n<p>R\u00e8glement cimeti\u00e8re<\/p>\n<p>[\/et_pb_blurb][\/et_pb_column][et_pb_column type=\u00a0\u00bb1_4&Prime; _builder_version=\u00a0\u00bb4.16&Prime; custom_padding=\u00a0\u00bb|||\u00a0\u00bb global_colors_info=\u00a0\u00bb{}\u00a0\u00bb custom_padding__hover=\u00a0\u00bb|||\u00a0\u00bb][et_pb_blurb title=\u00a0\u00bbREPRISE\u00a0\u00bb url=\u00a0\u00bbhttps:\/\/ville-illies.fr\/?page_id=10919&Prime; url_new_window=\u00a0\u00bbon\u00a0\u00bb image=\u00a0\u00bbhttps:\/\/ville-illies.fr\/wp-content\/uploads\/2019\/01\/Plan-de-travail-1-copie-3.png\u00a0\u00bb icon_placement=\u00a0\u00bbleft\u00a0\u00bb image_icon_width=\u00a0\u00bb80px\u00a0\u00bb content_max_width=\u00a0\u00bb1100px\u00a0\u00bb image_icon_width_tablet=\u00a0\u00bb60px\u00a0\u00bb image_icon_width_phone=\u00a0\u00bb60px\u00a0\u00bb image_icon_width_last_edited=\u00a0\u00bbon|tablet\u00a0\u00bb _builder_version=\u00a0\u00bb4.16&Prime; header_font=\u00a0\u00bbRubik|500||on|||||\u00a0\u00bb header_text_color=\u00a0\u00bb#D64309&Prime; header_font_size=\u00a0\u00bb12px\u00a0\u00bb header_letter_spacing=\u00a0\u00bb2px\u00a0\u00bb header_line_height=\u00a0\u00bb2em\u00a0\u00bb body_font=\u00a0\u00bb|600|||||||\u00a0\u00bb body_text_color=\u00a0\u00bb#000000&Prime; body_font_size=\u00a0\u00bb14px\u00a0\u00bb body_font_size_tablet=\u00a0\u00bb12px\u00a0\u00bb body_font_size_phone=\u00a0\u00bb\u00a0\u00bb body_font_size_last_edited=\u00a0\u00bbon|tablet\u00a0\u00bb image_max_width=\u00a0\u00bb80px\u00a0\u00bb image_max_width_tablet=\u00a0\u00bb60px\u00a0\u00bb image_max_width_phone=\u00a0\u00bb60px\u00a0\u00bb image_max_width_last_edited=\u00a0\u00bbon|tablet\u00a0\u00bb locked=\u00a0\u00bboff\u00a0\u00bb global_colors_info=\u00a0\u00bb{}\u00a0\u00bb]<\/p>\n<p>Reprise de concession<\/p>\n<p>[\/et_pb_blurb][\/et_pb_column][\/et_pb_row][\/et_pb_section]<\/p>\n","protected":false},"excerpt":{"rendered":"<p>Vous aider dans vos d\u00e9marches CIMETIEREPour les demandes d&rsquo;achat de concession ou de case de columbarium, se rendre directement en Mairie aux heures d&rsquo;ouverture habituelles avec les papiers justificatifs n\u00e9cessaires.Tarifs ConcessionsTarifs ColombariumR\u00e8glement cimeti\u00e8reReprise de concession<\/p>\n","protected":false},"author":1,"featured_media":0,"parent":0,"menu_order":0,"comment_status":"closed","ping_status":"closed","template":"","meta":{"_et_pb_use_builder":"on","_et_pb_old_content":"","_et_gb_content_width":"","footnotes":""},"class_list":["post-508","page","type-page","status-publish","hentry"],"yoast_head":"<!-- This site is optimized with the Yoast SEO plugin v27.4 - https:\/\/yoast.com\/product\/yoast-seo-wordpress\/ -->\n<title>Cimeti\u00e8re - Site officiel de la ville d&#039;Illies<\/title>\n<meta name=\"description\" content=\"Retrouvez les horaires, le r\u00e9glement et le fonctionnement du cimeti\u00e8re d&#039;Illies ainsi que toutes les d\u00e9marches pour l&#039;achat de concessions.\" \/>\n<meta name=\"robots\" content=\"index, follow, max-snippet:-1, max-image-preview:large, max-video-preview:-1\" \/>\n<link rel=\"canonical\" href=\"https:\/\/ville-illies.fr\/?page_id=508\" \/>\n<meta property=\"og:locale\" content=\"fr_FR\" \/>\n<meta property=\"og:type\" content=\"article\" \/>\n<meta property=\"og:title\" content=\"Cimeti\u00e8re - Site officiel de la ville d&#039;Illies\" \/>\n<meta property=\"og:description\" content=\"Retrouvez les horaires, le r\u00e9glement et le fonctionnement du cimeti\u00e8re d&#039;Illies ainsi que toutes les d\u00e9marches pour l&#039;achat de concessions.\" \/>\n<meta property=\"og:url\" content=\"https:\/\/ville-illies.fr\/?page_id=508\" \/>\n<meta property=\"og:site_name\" content=\"Site officiel de la ville d&#039;Illies\" \/>\n<meta property=\"article:modified_time\" content=\"2024-07-17T07:23:28+00:00\" \/>\n<meta name=\"twitter:card\" content=\"summary_large_image\" \/>\n<meta name=\"twitter:label1\" content=\"Dur\u00e9e de lecture estim\u00e9e\" \/>\n\t<meta name=\"twitter:data1\" content=\"6 minutes\" \/>\n<script type=\"application\/ld+json\" class=\"yoast-schema-graph\">{\"@context\":\"https:\\\/\\\/schema.org\",\"@graph\":[{\"@type\":\"WebPage\",\"@id\":\"https:\\\/\\\/ville-illies.fr\\\/?page_id=508\",\"url\":\"https:\\\/\\\/ville-illies.fr\\\/?page_id=508\",\"name\":\"Cimeti\u00e8re - Site officiel de la ville d&#039;Illies\",\"isPartOf\":{\"@id\":\"https:\\\/\\\/ville-illies.fr\\\/#website\"},\"datePublished\":\"2018-12-18T21:13:23+00:00\",\"dateModified\":\"2024-07-17T07:23:28+00:00\",\"description\":\"Retrouvez les horaires, le r\u00e9glement et le fonctionnement du cimeti\u00e8re d'Illies ainsi que toutes les d\u00e9marches pour l'achat de concessions.\",\"breadcrumb\":{\"@id\":\"https:\\\/\\\/ville-illies.fr\\\/?page_id=508#breadcrumb\"},\"inLanguage\":\"fr-FR\",\"potentialAction\":[{\"@type\":\"ReadAction\",\"target\":[\"https:\\\/\\\/ville-illies.fr\\\/?page_id=508\"]}]},{\"@type\":\"BreadcrumbList\",\"@id\":\"https:\\\/\\\/ville-illies.fr\\\/?page_id=508#breadcrumb\",\"itemListElement\":[{\"@type\":\"ListItem\",\"position\":1,\"name\":\"Accueil\",\"item\":\"https:\\\/\\\/ville-illies.fr\\\/\"},{\"@type\":\"ListItem\",\"position\":2,\"name\":\"Cimeti\u00e8re\"}]},{\"@type\":\"WebSite\",\"@id\":\"https:\\\/\\\/ville-illies.fr\\\/#website\",\"url\":\"https:\\\/\\\/ville-illies.fr\\\/\",\"name\":\"Site officiel de la ville d&#039;Illies\",\"description\":\"Illies, votre village\",\"publisher\":{\"@id\":\"https:\\\/\\\/ville-illies.fr\\\/#organization\"},\"potentialAction\":[{\"@type\":\"SearchAction\",\"target\":{\"@type\":\"EntryPoint\",\"urlTemplate\":\"https:\\\/\\\/ville-illies.fr\\\/?s={search_term_string}\"},\"query-input\":{\"@type\":\"PropertyValueSpecification\",\"valueRequired\":true,\"valueName\":\"search_term_string\"}}],\"inLanguage\":\"fr-FR\"},{\"@type\":\"Organization\",\"@id\":\"https:\\\/\\\/ville-illies.fr\\\/#organization\",\"name\":\"Mairie d'Illies\",\"url\":\"https:\\\/\\\/ville-illies.fr\\\/\",\"logo\":{\"@type\":\"ImageObject\",\"inLanguage\":\"fr-FR\",\"@id\":\"https:\\\/\\\/ville-illies.fr\\\/#\\\/schema\\\/logo\\\/image\\\/\",\"url\":\"https:\\\/\\\/ville-illies.fr\\\/wp-content\\\/uploads\\\/2018\\\/12\\\/LogoIllies500x600.png\",\"contentUrl\":\"https:\\\/\\\/ville-illies.fr\\\/wp-content\\\/uploads\\\/2018\\\/12\\\/LogoIllies500x600.png\",\"width\":500,\"height\":600,\"caption\":\"Mairie d'Illies\"},\"image\":{\"@id\":\"https:\\\/\\\/ville-illies.fr\\\/#\\\/schema\\\/logo\\\/image\\\/\"}}]}<\/script>\n<!-- \/ Yoast SEO plugin. -->","yoast_head_json":{"title":"Cimeti\u00e8re - Site officiel de la ville d&#039;Illies","description":"Retrouvez les horaires, le r\u00e9glement et le fonctionnement du cimeti\u00e8re d'Illies ainsi que toutes les d\u00e9marches pour l'achat de concessions.","robots":{"index":"index","follow":"follow","max-snippet":"max-snippet:-1","max-image-preview":"max-image-preview:large","max-video-preview":"max-video-preview:-1"},"canonical":"https:\/\/ville-illies.fr\/?page_id=508","og_locale":"fr_FR","og_type":"article","og_title":"Cimeti\u00e8re - Site officiel de la ville d&#039;Illies","og_description":"Retrouvez les horaires, le r\u00e9glement et le fonctionnement du cimeti\u00e8re d'Illies ainsi que toutes les d\u00e9marches pour l'achat de concessions.","og_url":"https:\/\/ville-illies.fr\/?page_id=508","og_site_name":"Site officiel de la ville d&#039;Illies","article_modified_time":"2024-07-17T07:23:28+00:00","twitter_card":"summary_large_image","twitter_misc":{"Dur\u00e9e de lecture estim\u00e9e":"6 minutes"},"schema":{"@context":"https:\/\/schema.org","@graph":[{"@type":"WebPage","@id":"https:\/\/ville-illies.fr\/?page_id=508","url":"https:\/\/ville-illies.fr\/?page_id=508","name":"Cimeti\u00e8re - Site officiel de la ville d&#039;Illies","isPartOf":{"@id":"https:\/\/ville-illies.fr\/#website"},"datePublished":"2018-12-18T21:13:23+00:00","dateModified":"2024-07-17T07:23:28+00:00","description":"Retrouvez les horaires, le r\u00e9glement et le fonctionnement du cimeti\u00e8re d'Illies ainsi que toutes les d\u00e9marches pour l'achat de concessions.","breadcrumb":{"@id":"https:\/\/ville-illies.fr\/?page_id=508#breadcrumb"},"inLanguage":"fr-FR","potentialAction":[{"@type":"ReadAction","target":["https:\/\/ville-illies.fr\/?page_id=508"]}]},{"@type":"BreadcrumbList","@id":"https:\/\/ville-illies.fr\/?page_id=508#breadcrumb","itemListElement":[{"@type":"ListItem","position":1,"name":"Accueil","item":"https:\/\/ville-illies.fr\/"},{"@type":"ListItem","position":2,"name":"Cimeti\u00e8re"}]},{"@type":"WebSite","@id":"https:\/\/ville-illies.fr\/#website","url":"https:\/\/ville-illies.fr\/","name":"Site officiel de la ville d&#039;Illies","description":"Illies, votre village","publisher":{"@id":"https:\/\/ville-illies.fr\/#organization"},"potentialAction":[{"@type":"SearchAction","target":{"@type":"EntryPoint","urlTemplate":"https:\/\/ville-illies.fr\/?s={search_term_string}"},"query-input":{"@type":"PropertyValueSpecification","valueRequired":true,"valueName":"search_term_string"}}],"inLanguage":"fr-FR"},{"@type":"Organization","@id":"https:\/\/ville-illies.fr\/#organization","name":"Mairie d'Illies","url":"https:\/\/ville-illies.fr\/","logo":{"@type":"ImageObject","inLanguage":"fr-FR","@id":"https:\/\/ville-illies.fr\/#\/schema\/logo\/image\/","url":"https:\/\/ville-illies.fr\/wp-content\/uploads\/2018\/12\/LogoIllies500x600.png","contentUrl":"https:\/\/ville-illies.fr\/wp-content\/uploads\/2018\/12\/LogoIllies500x600.png","width":500,"height":600,"caption":"Mairie d'Illies"},"image":{"@id":"https:\/\/ville-illies.fr\/#\/schema\/logo\/image\/"}}]}},"_links":{"self":[{"href":"https:\/\/ville-illies.fr\/index.php?rest_route=\/wp\/v2\/pages\/508","targetHints":{"allow":["GET"]}}],"collection":[{"href":"https:\/\/ville-illies.fr\/index.php?rest_route=\/wp\/v2\/pages"}],"about":[{"href":"https:\/\/ville-illies.fr\/index.php?rest_route=\/wp\/v2\/types\/page"}],"author":[{"embeddable":true,"href":"https:\/\/ville-illies.fr\/index.php?rest_route=\/wp\/v2\/users\/1"}],"replies":[{"embeddable":true,"href":"https:\/\/ville-illies.fr\/index.php?rest_route=%2Fwp%2Fv2%2Fcomments&post=508"}],"version-history":[{"count":0,"href":"https:\/\/ville-illies.fr\/index.php?rest_route=\/wp\/v2\/pages\/508\/revisions"}],"wp:attachment":[{"href":"https:\/\/ville-illies.fr\/index.php?rest_route=%2Fwp%2Fv2%2Fmedia&parent=508"}],"curies":[{"name":"wp","href":"https:\/\/api.w.org\/{rel}","templated":true}]}}