{"id":88213,"date":"2021-12-29T17:35:06","date_gmt":"2021-12-29T17:35:06","guid":{"rendered":"https:\/\/ville-illies.fr\/?page_id=88213"},"modified":"2021-12-29T17:35:06","modified_gmt":"2021-12-29T17:35:06","slug":"newsletter-mairie-dillies","status":"publish","type":"page","link":"https:\/\/ville-illies.fr\/?page_id=88213","title":{"rendered":"Newsletter, Mairie d&rsquo;Illies"},"content":{"rendered":"<p>[et_pb_section fb_built=\u00a0\u00bb1&Prime; admin_label=\u00a0\u00bbsection\u00a0\u00bb _builder_version=\u00a0\u00bb3.22.3&Prime; global_colors_info=\u00a0\u00bb{}\u00a0\u00bb][et_pb_row column_structure=\u00a0\u00bb3_5,2_5&Prime; admin_label=\u00a0\u00bbrow\u00a0\u00bb _builder_version=\u00a0\u00bb3.25&Prime; background_size=\u00a0\u00bbinitial\u00a0\u00bb background_position=\u00a0\u00bbtop_left\u00a0\u00bb background_repeat=\u00a0\u00bbrepeat\u00a0\u00bb global_colors_info=\u00a0\u00bb{}\u00a0\u00bb][et_pb_column type=\u00a0\u00bb3_5&Prime; _builder_version=\u00a0\u00bb3.25&Prime; custom_padding=\u00a0\u00bb|||\u00a0\u00bb global_colors_info=\u00a0\u00bb{}\u00a0\u00bb custom_padding__hover=\u00a0\u00bb|||\u00a0\u00bb][et_pb_code _builder_version=\u00a0\u00bb4.14.4&Prime; _module_preset=\u00a0\u00bbdefault\u00a0\u00bb global_colors_info=\u00a0\u00bb{}\u00a0\u00bb][sibwp_form id=1][\/et_pb_code][et_pb_text _builder_version=\u00a0\u00bb4.14.4&Prime; _module_preset=\u00a0\u00bbdefault\u00a0\u00bb hover_enabled=\u00a0\u00bb0&Prime; sticky_enabled=\u00a0\u00bb0&Prime;]<\/p>\n<p><em>En vous abonnant \u00e0 cette Newsletter vous prenez connaissance et acceptez notre politique de confidentialit\u00e9.<\/em> <a href=\"https:\/\/ville-illies.fr\/?page_id=2317\">Voir<\/a><\/p>\n<p>[\/et_pb_text][\/et_pb_column][et_pb_column type=\u00a0\u00bb2_5&Prime; _builder_version=\u00a0\u00bb3.25&Prime; custom_padding=\u00a0\u00bb|||\u00a0\u00bb global_colors_info=\u00a0\u00bb{}\u00a0\u00bb custom_padding__hover=\u00a0\u00bb|||\u00a0\u00bb][et_pb_image src=\u00a0\u00bbhttps:\/\/ville-illies.fr\/wp-content\/uploads\/2021\/12\/paper-airplane-g3d279f1d8_1280.png\u00a0\u00bb title_text=\u00a0\u00bbpaper-airplane-g3d279f1d8_1280&Prime; _builder_version=\u00a0\u00bb4.14.4&Prime; _module_preset=\u00a0\u00bbdefault\u00a0\u00bb global_colors_info=\u00a0\u00bb{}\u00a0\u00bb][\/et_pb_image][\/et_pb_column][\/et_pb_row][\/et_pb_section]<\/p>\n","protected":false},"excerpt":{"rendered":"<p>[sibwp_form id=1]En vous abonnant \u00e0 cette Newsletter vous prenez connaissance et acceptez notre politique de confidentialit\u00e9. Voir<\/p>\n","protected":false},"author":1,"featured_media":0,"parent":0,"menu_order":0,"comment_status":"closed","ping_status":"closed","template":"","meta":{"_et_pb_use_builder":"on","_et_pb_old_content":"<!-- wp:paragraph -->\n<p>La commune met \u00e0 disposition, la Salle Polyvalente situ\u00e9e Place Saint Nicolas de Bourgueil, pour diff\u00e9rentes manifestions.<\/p>\n<!-- \/wp:paragraph -->\n\n<!-- wp:paragraph -->\n<p>La location est r\u00e9serv\u00e9e aux habitants d'ILLIES et une attestation d'assurance, indiquant votre adresse vous sera demand\u00e9e.<\/p>\n<!-- \/wp:paragraph -->\n\n<!-- wp:paragraph -->\n<p><\/p>\n<!-- \/wp:paragraph -->\n\n<!-- wp:image {\"id\":10235} -->\n<figure class=\"wp-block-image\"><img src=\"https:\/\/ville-illies.fr\/wp-content\/uploads\/2019\/07\/tarifs-location.png\" alt=\"\" class=\"wp-image-10235\"\/><\/figure>\n<!-- \/wp:image -->\n\n<!-- wp:preformatted -->\n<pre class=\"wp-block-preformatted\"><\/pre>\n<!-- \/wp:preformatted -->\n\n<!-- wp:paragraph -->\n<p>Pour plus de renseignements et pour connaitre la disponibilit\u00e9 de la salle, veuillez nous contacter en remplissant le formulaire ci-dessous.<\/p>\n<!-- \/wp:paragraph -->","_et_gb_content_width":"","footnotes":""},"class_list":["post-88213","page","type-page","status-publish","hentry"],"yoast_head":"<!-- This site is optimized with the Yoast SEO plugin v26.7 - https:\/\/yoast.com\/wordpress\/plugins\/seo\/ -->\n<title>Newsletter, Mairie d&#039;Illies - Site officiel de la ville d&#039;Illies<\/title>\n<meta name=\"robots\" content=\"index, follow, max-snippet:-1, max-image-preview:large, max-video-preview:-1\" \/>\n<link rel=\"canonical\" href=\"https:\/\/ville-illies.fr\/?page_id=88213\" \/>\n<meta property=\"og:locale\" content=\"fr_FR\" \/>\n<meta property=\"og:type\" content=\"article\" \/>\n<meta property=\"og:title\" content=\"Newsletter, Mairie d&#039;Illies - Site officiel de la ville d&#039;Illies\" \/>\n<meta property=\"og:description\" content=\"[sibwp_form id=1]En vous abonnant \u00e0 cette Newsletter vous prenez connaissance et acceptez notre politique de confidentialit\u00e9. Voir\" \/>\n<meta property=\"og:url\" content=\"https:\/\/ville-illies.fr\/?page_id=88213\" \/>\n<meta property=\"og:site_name\" content=\"Site officiel de la ville d&#039;Illies\" \/>\n<meta name=\"twitter:card\" content=\"summary_large_image\" \/>\n<meta name=\"twitter:label1\" content=\"Dur\u00e9e de lecture estim\u00e9e\" \/>\n\t<meta name=\"twitter:data1\" content=\"1 minute\" \/>\n<script type=\"application\/ld+json\" class=\"yoast-schema-graph\">{\"@context\":\"https:\/\/schema.org\",\"@graph\":[{\"@type\":\"WebPage\",\"@id\":\"https:\/\/ville-illies.fr\/?page_id=88213\",\"url\":\"https:\/\/ville-illies.fr\/?page_id=88213\",\"name\":\"Newsletter, Mairie d'Illies - Site officiel de la ville d&#039;Illies\",\"isPartOf\":{\"@id\":\"https:\/\/ville-illies.fr\/#website\"},\"datePublished\":\"2021-12-29T17:35:06+00:00\",\"breadcrumb\":{\"@id\":\"https:\/\/ville-illies.fr\/?page_id=88213#breadcrumb\"},\"inLanguage\":\"fr-FR\",\"potentialAction\":[{\"@type\":\"ReadAction\",\"target\":[\"https:\/\/ville-illies.fr\/?page_id=88213\"]}]},{\"@type\":\"BreadcrumbList\",\"@id\":\"https:\/\/ville-illies.fr\/?page_id=88213#breadcrumb\",\"itemListElement\":[{\"@type\":\"ListItem\",\"position\":1,\"name\":\"Accueil\",\"item\":\"https:\/\/ville-illies.fr\/\"},{\"@type\":\"ListItem\",\"position\":2,\"name\":\"Newsletter, Mairie d&rsquo;Illies\"}]},{\"@type\":\"WebSite\",\"@id\":\"https:\/\/ville-illies.fr\/#website\",\"url\":\"https:\/\/ville-illies.fr\/\",\"name\":\"Site officiel de la ville d&#039;Illies\",\"description\":\"Illies, votre village\",\"publisher\":{\"@id\":\"https:\/\/ville-illies.fr\/#organization\"},\"potentialAction\":[{\"@type\":\"SearchAction\",\"target\":{\"@type\":\"EntryPoint\",\"urlTemplate\":\"https:\/\/ville-illies.fr\/?s={search_term_string}\"},\"query-input\":{\"@type\":\"PropertyValueSpecification\",\"valueRequired\":true,\"valueName\":\"search_term_string\"}}],\"inLanguage\":\"fr-FR\"},{\"@type\":\"Organization\",\"@id\":\"https:\/\/ville-illies.fr\/#organization\",\"name\":\"Mairie d'Illies\",\"url\":\"https:\/\/ville-illies.fr\/\",\"logo\":{\"@type\":\"ImageObject\",\"inLanguage\":\"fr-FR\",\"@id\":\"https:\/\/ville-illies.fr\/#\/schema\/logo\/image\/\",\"url\":\"https:\/\/ville-illies.fr\/wp-content\/uploads\/2018\/12\/LogoIllies500x600.png\",\"contentUrl\":\"https:\/\/ville-illies.fr\/wp-content\/uploads\/2018\/12\/LogoIllies500x600.png\",\"width\":500,\"height\":600,\"caption\":\"Mairie d'Illies\"},\"image\":{\"@id\":\"https:\/\/ville-illies.fr\/#\/schema\/logo\/image\/\"}}]}<\/script>\n<!-- \/ Yoast SEO plugin. -->","yoast_head_json":{"title":"Newsletter, Mairie d'Illies - Site officiel de la ville d&#039;Illies","robots":{"index":"index","follow":"follow","max-snippet":"max-snippet:-1","max-image-preview":"max-image-preview:large","max-video-preview":"max-video-preview:-1"},"canonical":"https:\/\/ville-illies.fr\/?page_id=88213","og_locale":"fr_FR","og_type":"article","og_title":"Newsletter, Mairie d'Illies - Site officiel de la ville d&#039;Illies","og_description":"[sibwp_form id=1]En vous abonnant \u00e0 cette Newsletter vous prenez connaissance et acceptez notre politique de confidentialit\u00e9. Voir","og_url":"https:\/\/ville-illies.fr\/?page_id=88213","og_site_name":"Site officiel de la ville d&#039;Illies","twitter_card":"summary_large_image","twitter_misc":{"Dur\u00e9e de lecture estim\u00e9e":"1 minute"},"schema":{"@context":"https:\/\/schema.org","@graph":[{"@type":"WebPage","@id":"https:\/\/ville-illies.fr\/?page_id=88213","url":"https:\/\/ville-illies.fr\/?page_id=88213","name":"Newsletter, Mairie d'Illies - Site officiel de la ville d&#039;Illies","isPartOf":{"@id":"https:\/\/ville-illies.fr\/#website"},"datePublished":"2021-12-29T17:35:06+00:00","breadcrumb":{"@id":"https:\/\/ville-illies.fr\/?page_id=88213#breadcrumb"},"inLanguage":"fr-FR","potentialAction":[{"@type":"ReadAction","target":["https:\/\/ville-illies.fr\/?page_id=88213"]}]},{"@type":"BreadcrumbList","@id":"https:\/\/ville-illies.fr\/?page_id=88213#breadcrumb","itemListElement":[{"@type":"ListItem","position":1,"name":"Accueil","item":"https:\/\/ville-illies.fr\/"},{"@type":"ListItem","position":2,"name":"Newsletter, Mairie d&rsquo;Illies"}]},{"@type":"WebSite","@id":"https:\/\/ville-illies.fr\/#website","url":"https:\/\/ville-illies.fr\/","name":"Site officiel de la ville d&#039;Illies","description":"Illies, votre village","publisher":{"@id":"https:\/\/ville-illies.fr\/#organization"},"potentialAction":[{"@type":"SearchAction","target":{"@type":"EntryPoint","urlTemplate":"https:\/\/ville-illies.fr\/?s={search_term_string}"},"query-input":{"@type":"PropertyValueSpecification","valueRequired":true,"valueName":"search_term_string"}}],"inLanguage":"fr-FR"},{"@type":"Organization","@id":"https:\/\/ville-illies.fr\/#organization","name":"Mairie d'Illies","url":"https:\/\/ville-illies.fr\/","logo":{"@type":"ImageObject","inLanguage":"fr-FR","@id":"https:\/\/ville-illies.fr\/#\/schema\/logo\/image\/","url":"https:\/\/ville-illies.fr\/wp-content\/uploads\/2018\/12\/LogoIllies500x600.png","contentUrl":"https:\/\/ville-illies.fr\/wp-content\/uploads\/2018\/12\/LogoIllies500x600.png","width":500,"height":600,"caption":"Mairie d'Illies"},"image":{"@id":"https:\/\/ville-illies.fr\/#\/schema\/logo\/image\/"}}]}},"_links":{"self":[{"href":"https:\/\/ville-illies.fr\/index.php?rest_route=\/wp\/v2\/pages\/88213","targetHints":{"allow":["GET"]}}],"collection":[{"href":"https:\/\/ville-illies.fr\/index.php?rest_route=\/wp\/v2\/pages"}],"about":[{"href":"https:\/\/ville-illies.fr\/index.php?rest_route=\/wp\/v2\/types\/page"}],"author":[{"embeddable":true,"href":"https:\/\/ville-illies.fr\/index.php?rest_route=\/wp\/v2\/users\/1"}],"replies":[{"embeddable":true,"href":"https:\/\/ville-illies.fr\/index.php?rest_route=%2Fwp%2Fv2%2Fcomments&post=88213"}],"version-history":[{"count":0,"href":"https:\/\/ville-illies.fr\/index.php?rest_route=\/wp\/v2\/pages\/88213\/revisions"}],"wp:attachment":[{"href":"https:\/\/ville-illies.fr\/index.php?rest_route=%2Fwp%2Fv2%2Fmedia&parent=88213"}],"curies":[{"name":"wp","href":"https:\/\/api.w.org\/{rel}","templated":true}]}}